{"id":11425,"date":"2023-03-09T12:15:00","date_gmt":"2023-03-09T12:15:00","guid":{"rendered":"https:\/\/vrfp.es\/avis-juridique\/"},"modified":"2025-06-10T08:04:05","modified_gmt":"2025-06-10T08:04:05","slug":"avis-juridique","status":"publish","type":"page","link":"https:\/\/vrfp.es\/fr\/avis-juridique\/","title":{"rendered":"Avis juridique"},"content":{"rendered":"\t\t<div data-elementor-type=\"wp-page\" data-elementor-id=\"11425\" class=\"elementor elementor-11425 elementor-1070\" data-elementor-post-type=\"page\">\n\t\t\t\t\t\t<section class=\"elementor-section elementor-top-section elementor-element elementor-element-600061d elementor-section-content-middle elementor-section-boxed elementor-section-height-default elementor-section-height-default\" data-id=\"600061d\" data-element_type=\"section\" data-settings=\"{&quot;background_background&quot;:&quot;classic&quot;,&quot;background_motion_fx_motion_fx_mouse&quot;:&quot;yes&quot;}\">\n\t\t\t\t\t\t\t<div class=\"elementor-background-overlay\"><\/div>\n\t\t\t\t\t\t\t<div class=\"elementor-container elementor-column-gap-default\">\n\t\t\t\t\t<div class=\"elementor-column elementor-col-100 elementor-top-column elementor-element elementor-element-ea18af9\" data-id=\"ea18af9\" data-element_type=\"column\">\n\t\t\t<div class=\"elementor-widget-wrap elementor-element-populated\">\n\t\t\t\t\t\t<div class=\"elementor-element elementor-element-a753a8e elementor-widget elementor-widget-heading\" data-id=\"a753a8e\" data-element_type=\"widget\" data-widget_type=\"heading.default\">\n\t\t\t\t<div class=\"elementor-widget-container\">\n\t\t\t\t\t<div class=\"elementor-heading-title elementor-size-default\">Avis juridique<\/div>\t\t\t\t<\/div>\n\t\t\t\t<\/div>\n\t\t\t\t\t<\/div>\n\t\t<\/div>\n\t\t\t\t\t<\/div>\n\t\t<\/section>\n\t\t\t\t<section class=\"elementor-section elementor-top-section elementor-element elementor-element-60f7612 elementor-section-boxed elementor-section-height-default elementor-section-height-default\" data-id=\"60f7612\" data-element_type=\"section\" data-settings=\"{&quot;background_background&quot;:&quot;classic&quot;}\">\n\t\t\t\t\t\t<div class=\"elementor-container elementor-column-gap-default\">\n\t\t\t\t\t<div class=\"elementor-column elementor-col-100 elementor-top-column elementor-element elementor-element-a572bbb\" data-id=\"a572bbb\" data-element_type=\"column\">\n\t\t\t<div class=\"elementor-widget-wrap elementor-element-populated\">\n\t\t\t\t\t\t<div class=\"elementor-element elementor-element-7ed5b95 elementor-widget elementor-widget-text-editor\" data-id=\"7ed5b95\" data-element_type=\"widget\" data-widget_type=\"text-editor.default\">\n\t\t\t\t<div class=\"elementor-widget-container\">\n\t\t\t\t\t\t\t\t\tL&rsquo;utilisation du site web attribue la condition d&rsquo;utilisateur et implique l&rsquo;acceptation totale et sans r\u00e9serve de toutes les dispositions incluses dans les pr\u00e9sentes mentions l\u00e9gales. Par cons\u00e9quent, si vous n&rsquo;\u00eates pas d&rsquo;accord avec l&rsquo;une des conditions \u00e9nonc\u00e9es dans les pr\u00e9sentes, vous ne devez pas utiliser\/acc\u00e9der \u00e0 ce site web. <br style=\"height: 8px; margin-top: 8px;\"><h3><span style=\"color: #f0eae4;\"><strong><i class=\"fas fa-angle-right\" style=\"font-size: 20px; color: #d50057;\"><\/i> Propri\u00e9t\u00e9 intellectuelle et industrielle<\/strong><\/span><\/h3> Tous les contenus de cette page web, y compris, mais sans s&rsquo;y limiter, les textes, les graphiques, les images, sa conception et les droits de propri\u00e9t\u00e9 intellectuelle qui peuvent correspondre auxdits contenus, ainsi que toutes les marques, noms commerciaux ou tout autre signe distinctif sont la propri\u00e9t\u00e9 de VSION STUDIO INTERACTIVE, S.L. ou de leurs propri\u00e9taires l\u00e9gitimes, et tous les droits sur ces derniers sont r\u00e9serv\u00e9s.<br> Toute reproduction des contenus, en tout ou en partie, sous quelque forme ou par quelque moyen que ce soit, m\u00e9canique, \u00e9lectronique, reprographique ou autre, ainsi que tout acte de diffusion, de communication publique ou de distribution, est interdite sans l&rsquo;autorisation \u00e9crite pr\u00e9alable de VSION STUDIO INTERACTIVE, S.L. ou de ses propri\u00e9taires l\u00e9gitimes.<br> VSION STUDIO INTERACTIVE, S.L. ne sera responsable d&rsquo;aucun dommage ou pr\u00e9judice pouvant d\u00e9couler de l&rsquo;utilisation des contenus par les utilisateurs ou de la violation par ces derniers de toute disposition l\u00e9gale en vigueur. <br style=\"height: 8px; margin-top: 8px;\">\n<h3><span style=\"color: #f0eae4;\"><strong><i class=\"fas fa-angle-right\" style=\"font-size: 20px; color: #d50057;\"><\/i> Liens<\/strong><\/span><\/h3> VSION STUDIO INTERACTIVE, S.L. n&rsquo;assume aucune responsabilit\u00e9 quant aux liens externes qui, le cas \u00e9ch\u00e9ant, peuvent \u00eatre inclus sur le site web, car elle n&rsquo;a aucun contr\u00f4le sur eux et, par cons\u00e9quent, l&rsquo;utilisateur acc\u00e8de aux contenus et aux conditions d&rsquo;utilisation qui les r\u00e9gissent sous sa propre responsabilit\u00e9. <br style=\"height: 8px; margin-top: 8px;\">\n<h3><span style=\"color: #f0eae4;\"><strong><i class=\"fas fa-angle-right\" style=\"font-size: 20px; color: #d50057;\"><\/i> Contenu<\/strong><\/span><\/h3> VSION STUDIO INTERACTIVE, S.L. se r\u00e9serve le droit d&rsquo;apporter les modifications inopin\u00e9es qu&rsquo;elle juge opportunes au site Web, et peut modifier, supprimer ou ajouter des contenus et des services qu&rsquo;elle fournit, ainsi que la mani\u00e8re dont ils sont pr\u00e9sent\u00e9s ou situ\u00e9s. <br style=\"height: 8px; margin-top: 8px;\">\n<h3><span style=\"color: #f0eae4;\"><strong><i class=\"fas fa-angle-right\" style=\"font-size: 20px; color: #d50057;\"><\/i> Communications et Notifications<\/strong><\/span><\/h3> Toutes les communications et notifications seront consid\u00e9r\u00e9es comme effectives \u00e0 toutes fins utiles lorsqu&rsquo;elles seront envoy\u00e9es par courrier \u00e9lectronique \u00e0 l&rsquo;adresse \u00e9lectronique fournie par l&rsquo;utilisateur dans le formulaire de contact. L&rsquo;utilisateur reconna\u00eet express\u00e9ment que ces donn\u00e9es ont \u00e9t\u00e9 fournies par lui et qu&rsquo;elles sont v\u00e9ridiques.  <br style=\"height: 8px; margin-top: 8px;\">\n<h3><span style=\"color: #f0eae4;\"><strong><i class=\"fas fa-angle-right\" style=\"font-size: 20px; color: #d50057;\"><\/i> L\u00e9gislation Applicable<\/strong><\/span><\/h3> Le pr\u00e9sent avis juridique est r\u00e9gi, dans chacun de ses aspects, par la l\u00e9gislation espagnole, les parties renon\u00e7ant express\u00e9ment \u00e0 toute autre juridiction qui pourrait leur correspondre et se soumettant aux tribunaux de Cuenca. \t\t\t\t\t\t\t\t<\/div>\n\t\t\t\t<\/div>\n\t\t\t\t\t<\/div>\n\t\t<\/div>\n\t\t\t\t\t<\/div>\n\t\t<\/section>\n\t\t\t\t<\/div>\n\t\t","protected":false},"excerpt":{"rendered":"<p>L&rsquo;utilisation du site web attribue la condition d&rsquo;utilisateur et implique l&rsquo;acceptation totale et sans r\u00e9serve de toutes les dispositions incluses dans les pr\u00e9sentes mentions l\u00e9gales. Par cons\u00e9quent, si vous n&rsquo;\u00eates pas d&rsquo;accord avec l&rsquo;une des conditions \u00e9nonc\u00e9es dans les pr\u00e9sentes, vous ne devez pas utiliser\/acc\u00e9der \u00e0 ce site web. Propri\u00e9t\u00e9 intellectuelle et industrielle Tous les [&hellip;]<\/p>\n","protected":false},"author":6,"featured_media":0,"parent":0,"menu_order":0,"comment_status":"closed","ping_status":"closed","template":"elementor_header_footer","meta":{"content-type":"","inline_featured_image":false,"footnotes":""},"class_list":["post-11425","page","type-page","status-publish","hentry"],"_links":{"self":[{"href":"https:\/\/vrfp.es\/fr\/wp-json\/wp\/v2\/pages\/11425","targetHints":{"allow":["GET"]}}],"collection":[{"href":"https:\/\/vrfp.es\/fr\/wp-json\/wp\/v2\/pages"}],"about":[{"href":"https:\/\/vrfp.es\/fr\/wp-json\/wp\/v2\/types\/page"}],"author":[{"embeddable":true,"href":"https:\/\/vrfp.es\/fr\/wp-json\/wp\/v2\/users\/6"}],"replies":[{"embeddable":true,"href":"https:\/\/vrfp.es\/fr\/wp-json\/wp\/v2\/comments?post=11425"}],"version-history":[{"count":1,"href":"https:\/\/vrfp.es\/fr\/wp-json\/wp\/v2\/pages\/11425\/revisions"}],"predecessor-version":[{"id":11426,"href":"https:\/\/vrfp.es\/fr\/wp-json\/wp\/v2\/pages\/11425\/revisions\/11426"}],"wp:attachment":[{"href":"https:\/\/vrfp.es\/fr\/wp-json\/wp\/v2\/media?parent=11425"}],"curies":[{"name":"wp","href":"https:\/\/api.w.org\/{rel}","templated":true}]}}