{"id":11432,"date":"2023-03-06T10:57:58","date_gmt":"2023-03-06T10:57:58","guid":{"rendered":"https:\/\/vrfp.es\/accueil\/"},"modified":"2025-12-11T13:30:47","modified_gmt":"2025-12-11T13:30:47","slug":"accueil","status":"publish","type":"page","link":"https:\/\/vrfp.es\/fr\/","title":{"rendered":"Accueil"},"content":{"rendered":"\t\t<div data-elementor-type=\"wp-page\" data-elementor-id=\"11432\" class=\"elementor elementor-11432 elementor-106\" data-elementor-post-type=\"page\">\n\t\t\t\t\t\t<section class=\"elementor-section elementor-top-section elementor-element elementor-element-6426aa21 elementor-section-content-middle elementor-section-boxed elementor-section-height-default elementor-section-height-default\" data-id=\"6426aa21\" data-element_type=\"section\" data-settings=\"{&quot;background_background&quot;:&quot;classic&quot;,&quot;background_motion_fx_motion_fx_mouse&quot;:&quot;yes&quot;}\">\n\t\t\t\t\t\t\t<div class=\"elementor-background-overlay\"><\/div>\n\t\t\t\t\t\t\t<div class=\"elementor-container elementor-column-gap-default\">\n\t\t\t\t\t<div class=\"elementor-column elementor-col-100 elementor-top-column elementor-element elementor-element-30213df1 elementor-invisible\" data-id=\"30213df1\" data-element_type=\"column\" data-settings=\"{&quot;animation&quot;:&quot;fadeIn&quot;}\">\n\t\t\t<div class=\"elementor-widget-wrap elementor-element-populated\">\n\t\t\t\t\t\t<div class=\"elementor-element elementor-element-e3d7c2d elementor-headline--style-rotate elementor-widget__width-initial elementor-widget elementor-widget-animated-headline\" data-id=\"e3d7c2d\" data-element_type=\"widget\" data-settings=\"{&quot;rotating_text&quot;:&quot;L&#039;\\u00e9ducation&quot;,&quot;headline_style&quot;:&quot;rotate&quot;,&quot;animation_type&quot;:&quot;typing&quot;,&quot;rotate_iteration_delay&quot;:2500}\" data-widget_type=\"animated-headline.default\">\n\t\t\t\t<div class=\"elementor-widget-container\">\n\t\t\t\t\t\t\t<h1 class=\"elementor-headline elementor-headline-animation-type-typing elementor-headline-letters\">\n\t\t\t\t\t<span class=\"elementor-headline-plain-text elementor-headline-text-wrapper\">Simulateurs de<br>R\u00e9alit\u00e9 Virtuelle<br>pour<\/span>\n\t\t\t\t<span class=\"elementor-headline-dynamic-wrapper elementor-headline-text-wrapper\">\n\t\t\t\t\t<span class=\"elementor-headline-dynamic-text elementor-headline-text-active\">\n\t\t\t\tL'\u00e9ducation\t\t\t<\/span>\n\t\t\t\t\t\t<\/span>\n\t\t\t\t<\/h1>\n\t\t\t\t\t\t<\/div>\n\t\t\t\t<\/div>\n\t\t\t\t<div class=\"elementor-element elementor-element-79eee650 elementor-widget__width-initial elementor-widget elementor-widget-text-editor\" data-id=\"79eee650\" data-element_type=\"widget\" data-widget_type=\"text-editor.default\">\n\t\t\t\t<div class=\"elementor-widget-container\">\n\t\t\t\t\t\t\t\t\t<p>Nous sommes une entreprise sp\u00e9cialis\u00e9e dans le d\u00e9veloppement de simulateurs de R\u00e9alit\u00e9 Virtuelle pour les centres de Formation Professionnelle.<\/p>\n\t\t\t\t\t\t\t\t<\/div>\n\t\t\t\t<\/div>\n\t\t\t\t<div class=\"elementor-element elementor-element-20bda69 elementor-widget-divider--view-line elementor-widget elementor-widget-divider\" data-id=\"20bda69\" data-element_type=\"widget\" data-widget_type=\"divider.default\">\n\t\t\t\t<div class=\"elementor-widget-container\">\n\t\t\t\t\t\t\t<div class=\"elementor-divider\">\n\t\t\t<span class=\"elementor-divider-separator\">\n\t\t\t\t\t\t<\/span>\n\t\t<\/div>\n\t\t\t\t\t\t<\/div>\n\t\t\t\t<\/div>\n\t\t\t\t<div class=\"elementor-element elementor-element-3703d2e elementor-tablet-align-center elementor-widget__width-auto elementor-widget elementor-widget-button\" data-id=\"3703d2e\" data-element_type=\"widget\" data-widget_type=\"button.default\">\n\t\t\t\t<div class=\"elementor-widget-container\">\n\t\t\t\t\t\t\t\t\t<div class=\"elementor-button-wrapper\">\n\t\t\t\t\t<a class=\"elementor-button elementor-button-link elementor-size-xl\" href=\"https:\/\/vrfp.es\/fr\/simulateurs\/\">\n\t\t\t\t\t\t<span class=\"elementor-button-content-wrapper\">\n\t\t\t\t\t\t\t\t\t<span class=\"elementor-button-text\">Voir les simulateurs<\/span>\n\t\t\t\t\t<\/span>\n\t\t\t\t\t<\/a>\n\t\t\t\t<\/div>\n\t\t\t\t\t\t\t\t<\/div>\n\t\t\t\t<\/div>\n\t\t\t\t<div class=\"elementor-element elementor-element-bf7f718 elementor-tablet-align-center elementor-widget__width-auto boton-1 elementor-widget elementor-widget-button\" data-id=\"bf7f718\" data-element_type=\"widget\" data-widget_type=\"button.default\">\n\t\t\t\t<div class=\"elementor-widget-container\">\n\t\t\t\t\t\t\t\t\t<div class=\"elementor-button-wrapper\">\n\t\t\t\t\t<a class=\"elementor-button elementor-button-link elementor-size-xl\" href=\"#elementor-action%3Aaction%3Dlightbox%26settings%3DeyJ0eXBlIjoidmlkZW8iLCJ2aWRlb1R5cGUiOiJ5b3V0dWJlIiwidXJsIjoiaHR0cHM6XC9cL3d3dy55b3V0dWJlLmNvbVwvZW1iZWRcL0JJSlpqY1o4RGdJP2ZlYXR1cmU9b2VtYmVkIn0%3D\" target=\"_blank\">\n\t\t\t\t\t\t<span class=\"elementor-button-content-wrapper\">\n\t\t\t\t\t\t<span class=\"elementor-button-icon\">\n\t\t\t\t<i aria-hidden=\"true\" class=\"fas fa-play\"><\/i>\t\t\t<\/span>\n\t\t\t\t\t\t\t\t<\/span>\n\t\t\t\t\t<\/a>\n\t\t\t\t<\/div>\n\t\t\t\t\t\t\t\t<\/div>\n\t\t\t\t<\/div>\n\t\t\t\t\t<\/div>\n\t\t<\/div>\n\t\t\t\t\t<\/div>\n\t\t<\/section>\n\t\t\t\t<section class=\"elementor-section elementor-top-section elementor-element elementor-element-292e2408 elementor-section-boxed elementor-section-height-default elementor-section-height-default\" data-id=\"292e2408\" data-element_type=\"section\" data-settings=\"{&quot;background_background&quot;:&quot;classic&quot;,&quot;motion_fx_motion_fx_scrolling&quot;:&quot;yes&quot;,&quot;motion_fx_devices&quot;:[&quot;desktop&quot;,&quot;tablet&quot;,&quot;mobile&quot;]}\">\n\t\t\t\t\t\t<div class=\"elementor-container elementor-column-gap-default\">\n\t\t\t\t\t<div class=\"elementor-column elementor-col-100 elementor-top-column elementor-element elementor-element-64d05e23 animated-slow elementor-invisible\" data-id=\"64d05e23\" data-element_type=\"column\" data-settings=\"{&quot;animation&quot;:&quot;fadeIn&quot;,&quot;animation_tablet&quot;:&quot;none&quot;}\">\n\t\t\t<div class=\"elementor-widget-wrap elementor-element-populated\">\n\t\t\t\t\t\t<section class=\"elementor-section elementor-inner-section elementor-element elementor-element-fd56dcf elementor-reverse-tablet elementor-reverse-mobile elementor-section-boxed elementor-section-height-default elementor-section-height-default\" data-id=\"fd56dcf\" data-element_type=\"section\">\n\t\t\t\t\t\t<div class=\"elementor-container elementor-column-gap-default\">\n\t\t\t\t\t<div class=\"elementor-column elementor-col-50 elementor-inner-column elementor-element elementor-element-32b454e elementor-invisible\" data-id=\"32b454e\" data-element_type=\"column\" data-settings=\"{&quot;animation&quot;:&quot;fadeInLeft&quot;}\">\n\t\t\t<div class=\"elementor-widget-wrap elementor-element-populated\">\n\t\t\t\t\t\t<div class=\"elementor-element elementor-element-180e097 elementor-widget elementor-widget-image\" data-id=\"180e097\" data-element_type=\"widget\" data-widget_type=\"image.default\">\n\t\t\t\t<div class=\"elementor-widget-container\">\n\t\t\t\t\t\t\t\t\t\t\t\t\t\t\t<img fetchpriority=\"high\" decoding=\"async\" width=\"800\" height=\"758\" src=\"https:\/\/vrfp.es\/wp-content\/uploads\/2025\/12\/vrfp-14.webp\" class=\"attachment-full size-full wp-image-16268\" alt=\"\" srcset=\"https:\/\/vrfp.es\/wp-content\/uploads\/2025\/12\/vrfp-14.webp 800w, https:\/\/vrfp.es\/wp-content\/uploads\/2025\/12\/vrfp-14-300x284.webp 300w, https:\/\/vrfp.es\/wp-content\/uploads\/2025\/12\/vrfp-14-768x728.webp 768w\" sizes=\"(max-width: 800px) 100vw, 800px\" title=\"\">\t\t\t\t\t\t\t\t\t\t\t\t\t\t\t<\/div>\n\t\t\t\t<\/div>\n\t\t\t\t\t<\/div>\n\t\t<\/div>\n\t\t\t\t<div class=\"elementor-column elementor-col-50 elementor-inner-column elementor-element elementor-element-bc33a64 elementor-invisible\" data-id=\"bc33a64\" data-element_type=\"column\" data-settings=\"{&quot;animation&quot;:&quot;fadeInRight&quot;,&quot;animation_tablet&quot;:&quot;none&quot;}\">\n\t\t\t<div class=\"elementor-widget-wrap elementor-element-populated\">\n\t\t\t\t\t\t<div class=\"elementor-element elementor-element-6d4e77b elementor-widget elementor-widget-heading\" data-id=\"6d4e77b\" data-element_type=\"widget\" data-widget_type=\"heading.default\">\n\t\t\t\t<div class=\"elementor-widget-container\">\n\t\t\t\t\t<h2 class=\"elementor-heading-title elementor-size-default\">D\u00e9veloppement de simulateurs de r\u00e9alit\u00e9 virtuelle<\/h2>\t\t\t\t<\/div>\n\t\t\t\t<\/div>\n\t\t\t\t<div class=\"elementor-element elementor-element-e7816da elementor-widget elementor-widget-heading\" data-id=\"e7816da\" data-element_type=\"widget\" data-widget_type=\"heading.default\">\n\t\t\t\t<div class=\"elementor-widget-container\">\n\t\t\t\t\t<h3 class=\"elementor-heading-title elementor-size-default\">Qu'est-ce que la PFVR ?<\/h3>\t\t\t\t<\/div>\n\t\t\t\t<\/div>\n\t\t\t\t<div class=\"elementor-element elementor-element-8c86026 elementor-widget elementor-widget-text-editor\" data-id=\"8c86026\" data-element_type=\"widget\" data-widget_type=\"text-editor.default\">\n\t\t\t\t<div class=\"elementor-widget-container\">\n\t\t\t\t\t\t\t\t\t<p>Nous proposons un large catalogue de <strong>plus de 60 simulateurs<\/strong> de R\u00e9alit\u00e9 Virtuelle d\u00e9velopp\u00e9s sp\u00e9cifiquement pour la formation dans les cycles d&rsquo;VRFP.<\/p>\n<p><span style=\"color: var( --e-global-color-e12950d ); letter-spacing: var( --e-global-typography-text-letter-spacing ); background-color: var( --e-global-color-c32c083 );\">Nous avons <\/span><strong style=\"color: var( --e-global-color-e12950d ); letter-spacing: var( --e-global-typography-text-letter-spacing ); background-color: var( --e-global-color-c32c083 );\">plus de <\/strong><strong style=\"color: var( --e-global-color-e12950d ); letter-spacing: var( --e-global-typography-text-letter-spacing ); background-color: var( --e-global-color-c32c083 );\">10 ans d&rsquo;exp\u00e9rience<\/strong><span style=\"color: var( --e-global-color-e12950d ); letter-spacing: var( --e-global-typography-text-letter-spacing ); background-color: var( --e-global-color-c32c083 );\"> et nos simulateurs ont \u00e9t\u00e9 install\u00e9s dans plus de<\/span><strong style=\"color: var( --e-global-color-e12950d ); letter-spacing: var( --e-global-typography-text-letter-spacing ); background-color: var( --e-global-color-c32c083 );\">&nbsp;400&nbsp;<\/strong><span style=\"letter-spacing: 0.2px;\"><b>centres de formation<\/b> dans plusieurs pays.<\/span><\/p>\n<p>Tous les simulateurs sont le r\u00e9sultat d&rsquo;un travail de collaboration avec des enseignants et des agents de formation professionnelle, cr\u00e9ant ainsi des simulateurs \u00e0 <strong>haute valeur p\u00e9dagogique<\/strong>.<\/p>\t\t\t\t\t\t\t\t<\/div>\n\t\t\t\t<\/div>\n\t\t\t\t<div class=\"elementor-element elementor-element-d444612 elementor-tablet-align-center elementor-widget__width-auto elementor-widget elementor-widget-button\" data-id=\"d444612\" data-element_type=\"widget\" data-widget_type=\"button.default\">\n\t\t\t\t<div class=\"elementor-widget-container\">\n\t\t\t\t\t\t\t\t\t<div class=\"elementor-button-wrapper\">\n\t\t\t\t\t<a class=\"elementor-button elementor-button-link elementor-size-xl\" href=\"https:\/\/vrfp.es\/fr\/qui-sommes-nous\/\">\n\t\t\t\t\t\t<span class=\"elementor-button-content-wrapper\">\n\t\t\t\t\t\t\t\t\t<span class=\"elementor-button-text\">En savoir plus<\/span>\n\t\t\t\t\t<\/span>\n\t\t\t\t\t<\/a>\n\t\t\t\t<\/div>\n\t\t\t\t\t\t\t\t<\/div>\n\t\t\t\t<\/div>\n\t\t\t\t\t<\/div>\n\t\t<\/div>\n\t\t\t\t\t<\/div>\n\t\t<\/section>\n\t\t\t\t<div class=\"elementor-element elementor-element-11c18dc elementor-widget elementor-widget-heading\" data-id=\"11c18dc\" data-element_type=\"widget\" data-widget_type=\"heading.default\">\n\t\t\t\t<div class=\"elementor-widget-container\">\n\t\t\t\t\t<h2 class=\"elementor-heading-title elementor-size-default\">Formation \u00e0 la r\u00e9alit\u00e9 virtuelle<\/h2>\t\t\t\t<\/div>\n\t\t\t\t<\/div>\n\t\t\t\t<div class=\"elementor-element elementor-element-2e17c5a4 elementor-widget elementor-widget-heading\" data-id=\"2e17c5a4\" data-element_type=\"widget\" data-widget_type=\"heading.default\">\n\t\t\t\t<div class=\"elementor-widget-container\">\n\t\t\t\t\t<h3 class=\"elementor-heading-title elementor-size-default\">Une nouvelle fa\u00e7on<br>d'apprentissage<\/h3>\t\t\t\t<\/div>\n\t\t\t\t<\/div>\n\t\t\t\t<div class=\"elementor-element elementor-element-482fc67 elementor-widget__width-initial elementor-widget-tablet__width-inherit elementor-widget elementor-widget-text-editor\" data-id=\"482fc67\" data-element_type=\"widget\" data-widget_type=\"text-editor.default\">\n\t\t\t\t<div class=\"elementor-widget-container\">\n\t\t\t\t\t\t\t\t\t<p>Nous utilisons la r\u00e9alit\u00e9 virtuelle pour former de futurs professionnels dans de multiples secteurs gr\u00e2ce \u00e0 des <strong>exp\u00e9riences immersives<\/strong>.<\/p>\n\t\t\t\t\t\t\t\t<\/div>\n\t\t\t\t<\/div>\n\t\t\t\t<section class=\"elementor-section elementor-inner-section elementor-element elementor-element-47cc1f5b elementor-section-boxed elementor-section-height-default elementor-section-height-default\" data-id=\"47cc1f5b\" data-element_type=\"section\" data-settings=\"{&quot;background_background&quot;:&quot;classic&quot;,&quot;animation&quot;:&quot;none&quot;}\">\n\t\t\t\t\t\t\t<div class=\"elementor-background-overlay\"><\/div>\n\t\t\t\t\t\t\t<div class=\"elementor-container elementor-column-gap-default\">\n\t\t\t\t\t<div class=\"elementor-column elementor-col-50 elementor-inner-column elementor-element elementor-element-30ed2f74 elementor-hidden-mobile\" data-id=\"30ed2f74\" data-element_type=\"column\" data-settings=\"{&quot;animation&quot;:&quot;none&quot;}\">\n\t\t\t<div class=\"elementor-widget-wrap elementor-element-populated\">\n\t\t\t\t\t\t<div class=\"elementor-element elementor-element-b9187c9 elementor-invisible elementor-widget elementor-widget-image\" data-id=\"b9187c9\" data-element_type=\"widget\" data-settings=\"{&quot;_animation&quot;:&quot;fadeInLeft&quot;}\" data-widget_type=\"image.default\">\n\t\t\t\t<div class=\"elementor-widget-container\">\n\t\t\t\t\t\t\t\t\t\t\t\t\t\t\t<img decoding=\"async\" width=\"1998\" height=\"1997\" src=\"https:\/\/vrfp.es\/wp-content\/uploads\/2025\/12\/inicio_formacion_1.webp\" class=\"attachment-2048x2048 size-2048x2048 wp-image-16273\" alt=\"\" srcset=\"https:\/\/vrfp.es\/wp-content\/uploads\/2025\/12\/inicio_formacion_1.webp 1998w, https:\/\/vrfp.es\/wp-content\/uploads\/2025\/12\/inicio_formacion_1-300x300.webp 300w, https:\/\/vrfp.es\/wp-content\/uploads\/2025\/12\/inicio_formacion_1-1024x1024.webp 1024w, https:\/\/vrfp.es\/wp-content\/uploads\/2025\/12\/inicio_formacion_1-150x150.webp 150w, https:\/\/vrfp.es\/wp-content\/uploads\/2025\/12\/inicio_formacion_1-768x768.webp 768w, https:\/\/vrfp.es\/wp-content\/uploads\/2025\/12\/inicio_formacion_1-1536x1536.webp 1536w\" sizes=\"(max-width: 1998px) 100vw, 1998px\" title=\"\">\t\t\t\t\t\t\t\t\t\t\t\t\t\t\t<\/div>\n\t\t\t\t<\/div>\n\t\t\t\t<div class=\"elementor-element elementor-element-baff7e0 elementor-widget__width-auto elementor-absolute elementor-invisible elementor-widget elementor-widget-image\" data-id=\"baff7e0\" data-element_type=\"widget\" data-settings=\"{&quot;_position&quot;:&quot;absolute&quot;,&quot;_animation&quot;:&quot;fadeInUp&quot;}\" data-widget_type=\"image.default\">\n\t\t\t\t<div class=\"elementor-widget-container\">\n\t\t\t\t\t\t\t\t\t\t\t\t\t\t\t<img decoding=\"async\" width=\"600\" height=\"568\" src=\"https:\/\/vrfp.es\/wp-content\/uploads\/2025\/12\/inicio_formacion_3.webp\" class=\"attachment-full size-full wp-image-16278\" alt=\"\" srcset=\"https:\/\/vrfp.es\/wp-content\/uploads\/2025\/12\/inicio_formacion_3.webp 600w, https:\/\/vrfp.es\/wp-content\/uploads\/2025\/12\/inicio_formacion_3-300x284.webp 300w\" sizes=\"(max-width: 600px) 100vw, 600px\" title=\"\">\t\t\t\t\t\t\t\t\t\t\t\t\t\t\t<\/div>\n\t\t\t\t<\/div>\n\t\t\t\t\t<\/div>\n\t\t<\/div>\n\t\t\t\t<div class=\"elementor-column elementor-col-50 elementor-inner-column elementor-element elementor-element-23d890b elementor-invisible\" data-id=\"23d890b\" data-element_type=\"column\" data-settings=\"{&quot;animation&quot;:&quot;fadeInRight&quot;}\">\n\t\t\t<div class=\"elementor-widget-wrap elementor-element-populated\">\n\t\t\t\t\t\t<div class=\"elementor-element elementor-element-942cec7 elementor-view-stacked elementor-position-left elementor-mobile-position-left elementor-shape-circle elementor-widget elementor-widget-icon-box\" data-id=\"942cec7\" data-element_type=\"widget\" data-widget_type=\"icon-box.default\">\n\t\t\t\t<div class=\"elementor-widget-container\">\n\t\t\t\t\t\t\t<div class=\"elementor-icon-box-wrapper\">\n\n\t\t\t\t\t\t<div class=\"elementor-icon-box-icon\">\n\t\t\t\t<span  class=\"elementor-icon\">\n\t\t\t\t<i aria-hidden=\"true\" class=\"fas fa-user-cog\"><\/i>\t\t\t\t<\/span>\n\t\t\t<\/div>\n\t\t\t\n\t\t\t\t\t\t<div class=\"elementor-icon-box-content\">\n\n\t\t\t\t\t\t\t\t\t<h4 class=\"elementor-icon-box-title\">\n\t\t\t\t\t\t<span  >\n\t\t\t\t\t\t\tFacilite et am\u00e9liore<br>l'apprentissage\t\t\t\t\t\t<\/span>\n\t\t\t\t\t<\/h4>\n\t\t\t\t\n\t\t\t\t\n\t\t\t<\/div>\n\t\t\t\n\t\t<\/div>\n\t\t\t\t\t\t<\/div>\n\t\t\t\t<\/div>\n\t\t\t\t<div class=\"elementor-element elementor-element-48c8b69 elementor-view-stacked elementor-position-left elementor-mobile-position-left elementor-shape-circle elementor-widget elementor-widget-icon-box\" data-id=\"48c8b69\" data-element_type=\"widget\" data-widget_type=\"icon-box.default\">\n\t\t\t\t<div class=\"elementor-widget-container\">\n\t\t\t\t\t\t\t<div class=\"elementor-icon-box-wrapper\">\n\n\t\t\t\t\t\t<div class=\"elementor-icon-box-icon\">\n\t\t\t\t<span  class=\"elementor-icon\">\n\t\t\t\t<i aria-hidden=\"true\" class=\"fas fa-thumbs-up\"><\/i>\t\t\t\t<\/span>\n\t\t\t<\/div>\n\t\t\t\n\t\t\t\t\t\t<div class=\"elementor-icon-box-content\">\n\n\t\t\t\t\t\t\t\t\t<h4 class=\"elementor-icon-box-title\">\n\t\t\t\t\t\t<span  >\n\t\t\t\t\t\t\tDes pratiques s\u00fbres <br>et efficaces\t\t\t\t\t\t<\/span>\n\t\t\t\t\t<\/h4>\n\t\t\t\t\n\t\t\t\t\n\t\t\t<\/div>\n\t\t\t\n\t\t<\/div>\n\t\t\t\t\t\t<\/div>\n\t\t\t\t<\/div>\n\t\t\t\t<div class=\"elementor-element elementor-element-dfa81de elementor-view-stacked elementor-position-left elementor-mobile-position-left elementor-shape-circle elementor-widget elementor-widget-icon-box\" data-id=\"dfa81de\" data-element_type=\"widget\" data-widget_type=\"icon-box.default\">\n\t\t\t\t<div class=\"elementor-widget-container\">\n\t\t\t\t\t\t\t<div class=\"elementor-icon-box-wrapper\">\n\n\t\t\t\t\t\t<div class=\"elementor-icon-box-icon\">\n\t\t\t\t<span  class=\"elementor-icon\">\n\t\t\t\t<i aria-hidden=\"true\" class=\"fas fa-th\"><\/i>\t\t\t\t<\/span>\n\t\t\t<\/div>\n\t\t\t\n\t\t\t\t\t\t<div class=\"elementor-icon-box-content\">\n\n\t\t\t\t\t\t\t\t\t<h4 class=\"elementor-icon-box-title\">\n\t\t\t\t\t\t<span  >\n\t\t\t\t\t\t\tEnvironnements<br>contr\u00f4l\u00e9\t\t\t\t\t\t<\/span>\n\t\t\t\t\t<\/h4>\n\t\t\t\t\n\t\t\t\t\n\t\t\t<\/div>\n\t\t\t\n\t\t<\/div>\n\t\t\t\t\t\t<\/div>\n\t\t\t\t<\/div>\n\t\t\t\t<div class=\"elementor-element elementor-element-2801960 elementor-view-stacked elementor-position-left elementor-mobile-position-left elementor-shape-circle elementor-widget elementor-widget-icon-box\" data-id=\"2801960\" data-element_type=\"widget\" data-widget_type=\"icon-box.default\">\n\t\t\t\t<div class=\"elementor-widget-container\">\n\t\t\t\t\t\t\t<div class=\"elementor-icon-box-wrapper\">\n\n\t\t\t\t\t\t<div class=\"elementor-icon-box-icon\">\n\t\t\t\t<span  class=\"elementor-icon\">\n\t\t\t\t<i aria-hidden=\"true\" class=\"fas fa-user-check\"><\/i>\t\t\t\t<\/span>\n\t\t\t<\/div>\n\t\t\t\n\t\t\t\t\t\t<div class=\"elementor-icon-box-content\">\n\n\t\t\t\t\t\t\t\t\t<h4 class=\"elementor-icon-box-title\">\n\t\t\t\t\t\t<span  >\n\t\t\t\t\t\t\tApprentissage<br>immersif\t\t\t\t\t\t<\/span>\n\t\t\t\t\t<\/h4>\n\t\t\t\t\n\t\t\t\t\n\t\t\t<\/div>\n\t\t\t\n\t\t<\/div>\n\t\t\t\t\t\t<\/div>\n\t\t\t\t<\/div>\n\t\t\t\t<div class=\"elementor-element elementor-element-2ee752e elementor-view-stacked elementor-position-left elementor-mobile-position-left elementor-shape-circle elementor-widget elementor-widget-icon-box\" data-id=\"2ee752e\" data-element_type=\"widget\" data-widget_type=\"icon-box.default\">\n\t\t\t\t<div class=\"elementor-widget-container\">\n\t\t\t\t\t\t\t<div class=\"elementor-icon-box-wrapper\">\n\n\t\t\t\t\t\t<div class=\"elementor-icon-box-icon\">\n\t\t\t\t<span  class=\"elementor-icon\">\n\t\t\t\t<i aria-hidden=\"true\" class=\"fas fa-sitemap\"><\/i>\t\t\t\t<\/span>\n\t\t\t<\/div>\n\t\t\t\n\t\t\t\t\t\t<div class=\"elementor-icon-box-content\">\n\n\t\t\t\t\t\t\t\t\t<h4 class=\"elementor-icon-box-title\">\n\t\t\t\t\t\t<span  >\n\t\t\t\t\t\t\tFormation<br>gamifi\u00e9\t\t\t\t\t\t<\/span>\n\t\t\t\t\t<\/h4>\n\t\t\t\t\n\t\t\t\t\n\t\t\t<\/div>\n\t\t\t\n\t\t<\/div>\n\t\t\t\t\t\t<\/div>\n\t\t\t\t<\/div>\n\t\t\t\t<div class=\"elementor-element elementor-element-a7a05ed elementor-view-stacked elementor-position-left elementor-mobile-position-left elementor-shape-circle elementor-widget elementor-widget-icon-box\" data-id=\"a7a05ed\" data-element_type=\"widget\" data-widget_type=\"icon-box.default\">\n\t\t\t\t<div class=\"elementor-widget-container\">\n\t\t\t\t\t\t\t<div class=\"elementor-icon-box-wrapper\">\n\n\t\t\t\t\t\t<div class=\"elementor-icon-box-icon\">\n\t\t\t\t<span  class=\"elementor-icon\">\n\t\t\t\t<i aria-hidden=\"true\" class=\"fas fa-coins\"><\/i>\t\t\t\t<\/span>\n\t\t\t<\/div>\n\t\t\t\n\t\t\t\t\t\t<div class=\"elementor-icon-box-content\">\n\n\t\t\t\t\t\t\t\t\t<h4 class=\"elementor-icon-box-title\">\n\t\t\t\t\t\t<span  >\n\t\t\t\t\t\t\tR\u00e9duction des<br>co\u00fbts et des d\u00e9lais\t\t\t\t\t\t<\/span>\n\t\t\t\t\t<\/h4>\n\t\t\t\t\n\t\t\t\t\n\t\t\t<\/div>\n\t\t\t\n\t\t<\/div>\n\t\t\t\t\t\t<\/div>\n\t\t\t\t<\/div>\n\t\t\t\t\t<\/div>\n\t\t<\/div>\n\t\t\t\t\t<\/div>\n\t\t<\/section>\n\t\t\t\t\t<\/div>\n\t\t<\/div>\n\t\t\t\t\t<\/div>\n\t\t<\/section>\n\t\t\t\t<section class=\"elementor-section elementor-top-section elementor-element elementor-element-0d5c245 elementor-section-height-min-height elementor-section-boxed elementor-section-height-default elementor-section-items-middle\" data-id=\"0d5c245\" data-element_type=\"section\" data-settings=\"{&quot;background_background&quot;:&quot;classic&quot;}\">\n\t\t\t\t\t\t<div class=\"elementor-container elementor-column-gap-default\">\n\t\t\t\t\t<div class=\"elementor-column elementor-col-100 elementor-top-column elementor-element elementor-element-87a1d3f\" data-id=\"87a1d3f\" data-element_type=\"column\" data-settings=\"{&quot;animation&quot;:&quot;none&quot;,&quot;animation_tablet&quot;:&quot;none&quot;}\">\n\t\t\t<div class=\"elementor-widget-wrap elementor-element-populated\">\n\t\t\t\t\t\t<div class=\"elementor-element elementor-element-844bac1 animated-slow elementor-invisible elementor-widget elementor-widget-heading\" data-id=\"844bac1\" data-element_type=\"widget\" data-settings=\"{&quot;_animation&quot;:&quot;fadeInDown&quot;}\" data-widget_type=\"heading.default\">\n\t\t\t\t<div class=\"elementor-widget-container\">\n\t\t\t\t\t<h2 class=\"elementor-heading-title elementor-size-default\">Simulateurs de RV pour la formation<\/h2>\t\t\t\t<\/div>\n\t\t\t\t<\/div>\n\t\t\t\t<div class=\"elementor-element elementor-element-58a818b elementor-invisible elementor-widget elementor-widget-heading\" data-id=\"58a818b\" data-element_type=\"widget\" data-settings=\"{&quot;_animation&quot;:&quot;fadeInDown&quot;}\" data-widget_type=\"heading.default\">\n\t\t\t\t<div class=\"elementor-widget-container\">\n\t\t\t\t\t<h3 class=\"elementor-heading-title elementor-size-default\">Nos Simulateurs<\/h3>\t\t\t\t<\/div>\n\t\t\t\t<\/div>\n\t\t\t\t<div class=\"elementor-element elementor-element-85ccd2b elementor-invisible elementor-widget elementor-widget-text-editor\" data-id=\"85ccd2b\" data-element_type=\"widget\" data-settings=\"{&quot;_animation&quot;:&quot;fadeInDown&quot;}\" data-widget_type=\"text-editor.default\">\n\t\t\t\t<div class=\"elementor-widget-container\">\n\t\t\t\t\t\t\t\t\t<p style=\"text-align: center;\">Nous disposons d&rsquo;une large gamme de simulateurs de r\u00e9alit\u00e9 virtuelle d\u00e9velopp\u00e9s avec les conseils des enseignants pour cr\u00e9er des produits<strong> flexibles, transversaux et tr\u00e8s efficaces<\/strong>.<\/p>\n\t\t\t\t\t\t\t\t<\/div>\n\t\t\t\t<\/div>\n\t\t\t\t<div class=\"elementor-element elementor-element-3de6b5c elementor-tablet-align-center elementor-align-center elementor-invisible elementor-widget elementor-widget-button\" data-id=\"3de6b5c\" data-element_type=\"widget\" data-settings=\"{&quot;_animation&quot;:&quot;fadeInDown&quot;}\" data-widget_type=\"button.default\">\n\t\t\t\t<div class=\"elementor-widget-container\">\n\t\t\t\t\t\t\t\t\t<div class=\"elementor-button-wrapper\">\n\t\t\t\t\t<a class=\"elementor-button elementor-button-link elementor-size-xl\" href=\"https:\/\/vrfp.es\/fr\/simulateurs\/\">\n\t\t\t\t\t\t<span class=\"elementor-button-content-wrapper\">\n\t\t\t\t\t\t\t\t\t<span class=\"elementor-button-text\">Voir les simulateurs<\/span>\n\t\t\t\t\t<\/span>\n\t\t\t\t\t<\/a>\n\t\t\t\t<\/div>\n\t\t\t\t\t\t\t\t<\/div>\n\t\t\t\t<\/div>\n\t\t\t\t<div class=\"elementor-element elementor-element-8f6a46b elementor-widget elementor-widget-spacer\" data-id=\"8f6a46b\" data-element_type=\"widget\" data-widget_type=\"spacer.default\">\n\t\t\t\t<div class=\"elementor-widget-container\">\n\t\t\t\t\t\t\t<div class=\"elementor-spacer\">\n\t\t\t<div class=\"elementor-spacer-inner\"><\/div>\n\t\t<\/div>\n\t\t\t\t\t\t<\/div>\n\t\t\t\t<\/div>\n\t\t\t\t\t<\/div>\n\t\t<\/div>\n\t\t\t\t\t<\/div>\n\t\t<\/section>\n\t\t\t\t<\/div>\n\t\t","protected":false},"excerpt":{"rendered":"<p>Simulateurs deR\u00e9alit\u00e9 Virtuellepour L&rsquo;\u00e9ducation Nous sommes une entreprise sp\u00e9cialis\u00e9e dans le d\u00e9veloppement de simulateurs de R\u00e9alit\u00e9 Virtuelle pour les centres de Formation Professionnelle. Voir les simulateurs D\u00e9veloppement de simulateurs de r\u00e9alit\u00e9 virtuelle Qu&rsquo;est-ce que la PFVR ? Nous proposons un large catalogue de plus de 60 simulateurs de R\u00e9alit\u00e9 Virtuelle d\u00e9velopp\u00e9s sp\u00e9cifiquement pour la formation [&hellip;]<\/p>\n","protected":false},"author":6,"featured_media":16286,"parent":0,"menu_order":0,"comment_status":"closed","ping_status":"closed","template":"elementor_header_footer","meta":{"content-type":"","inline_featured_image":false,"footnotes":""},"class_list":["post-11432","page","type-page","status-publish","has-post-thumbnail","hentry"],"_links":{"self":[{"href":"https:\/\/vrfp.es\/fr\/wp-json\/wp\/v2\/pages\/11432","targetHints":{"allow":["GET"]}}],"collection":[{"href":"https:\/\/vrfp.es\/fr\/wp-json\/wp\/v2\/pages"}],"about":[{"href":"https:\/\/vrfp.es\/fr\/wp-json\/wp\/v2\/types\/page"}],"author":[{"embeddable":true,"href":"https:\/\/vrfp.es\/fr\/wp-json\/wp\/v2\/users\/6"}],"replies":[{"embeddable":true,"href":"https:\/\/vrfp.es\/fr\/wp-json\/wp\/v2\/comments?post=11432"}],"version-history":[{"count":45,"href":"https:\/\/vrfp.es\/fr\/wp-json\/wp\/v2\/pages\/11432\/revisions"}],"predecessor-version":[{"id":16301,"href":"https:\/\/vrfp.es\/fr\/wp-json\/wp\/v2\/pages\/11432\/revisions\/16301"}],"wp:featuredmedia":[{"embeddable":true,"href":"https:\/\/vrfp.es\/fr\/wp-json\/wp\/v2\/media\/16286"}],"wp:attachment":[{"href":"https:\/\/vrfp.es\/fr\/wp-json\/wp\/v2\/media?parent=11432"}],"curies":[{"name":"wp","href":"https:\/\/api.w.org\/{rel}","templated":true}]}}