{"id":11468,"date":"2023-03-09T12:15:51","date_gmt":"2023-03-09T12:15:51","guid":{"rendered":"https:\/\/vrfp.es\/politique-en-matiere-de-cookies\/"},"modified":"2025-06-10T08:04:10","modified_gmt":"2025-06-10T08:04:10","slug":"politique-en-matiere-de-cookies","status":"publish","type":"page","link":"https:\/\/vrfp.es\/fr\/politique-en-matiere-de-cookies\/","title":{"rendered":"Politique en mati\u00e8re de cookies"},"content":{"rendered":"\t\t<div data-elementor-type=\"wp-page\" data-elementor-id=\"11468\" class=\"elementor elementor-11468 elementor-1075\" data-elementor-post-type=\"page\">\n\t\t\t\t\t\t<section class=\"elementor-section elementor-top-section elementor-element elementor-element-28c4806 elementor-section-content-middle elementor-section-boxed elementor-section-height-default elementor-section-height-default\" data-id=\"28c4806\" data-element_type=\"section\" data-settings=\"{&quot;background_background&quot;:&quot;classic&quot;,&quot;background_motion_fx_motion_fx_mouse&quot;:&quot;yes&quot;}\">\n\t\t\t\t\t\t\t<div class=\"elementor-background-overlay\"><\/div>\n\t\t\t\t\t\t\t<div class=\"elementor-container elementor-column-gap-default\">\n\t\t\t\t\t<div class=\"elementor-column elementor-col-100 elementor-top-column elementor-element elementor-element-60dbf30\" data-id=\"60dbf30\" data-element_type=\"column\">\n\t\t\t<div class=\"elementor-widget-wrap elementor-element-populated\">\n\t\t\t\t\t\t<div class=\"elementor-element elementor-element-ff9822d elementor-widget elementor-widget-heading\" data-id=\"ff9822d\" data-element_type=\"widget\" data-widget_type=\"heading.default\">\n\t\t\t\t<div class=\"elementor-widget-container\">\n\t\t\t\t\t<div class=\"elementor-heading-title elementor-size-default\">Politique en mati\u00e8re de cookies<\/div>\t\t\t\t<\/div>\n\t\t\t\t<\/div>\n\t\t\t\t\t<\/div>\n\t\t<\/div>\n\t\t\t\t\t<\/div>\n\t\t<\/section>\n\t\t\t\t<section class=\"elementor-section elementor-top-section elementor-element elementor-element-c32418d elementor-section-boxed elementor-section-height-default elementor-section-height-default\" data-id=\"c32418d\" data-element_type=\"section\" data-settings=\"{&quot;background_background&quot;:&quot;classic&quot;}\">\n\t\t\t\t\t\t<div class=\"elementor-container elementor-column-gap-default\">\n\t\t\t\t\t<div class=\"elementor-column elementor-col-100 elementor-top-column elementor-element elementor-element-57467b5\" data-id=\"57467b5\" data-element_type=\"column\">\n\t\t\t<div class=\"elementor-widget-wrap elementor-element-populated\">\n\t\t\t\t\t\t<div class=\"elementor-element elementor-element-3aca750 elementor-widget elementor-widget-text-editor\" data-id=\"3aca750\" data-element_type=\"widget\" data-widget_type=\"text-editor.default\">\n\t\t\t\t<div class=\"elementor-widget-container\">\n\t\t\t\t\t\t\t\t\t<h3><i class=\"fas fa-angle-right\" style=\"font-size: 20px; color: #d50057;\"><\/i><strong> Que sont les cookies et \u00e0 quoi servent-ils ?<\/strong><\/h3> Un cookie est un petit \u00e9l\u00e9ment d&rsquo;information qui est stock\u00e9 dans votre navigateur chaque fois que vous visitez notre site web.<br> Les cookies ont pour but de conserver l&rsquo;historique de vos activit\u00e9s sur notre site web, de sorte que lorsque vous le visitez \u00e0 nouveau, il puisse vous identifier et configurer le contenu du site web en fonction de vos habitudes de navigation, de votre identit\u00e9 et de vos pr\u00e9f\u00e9rences.<br> Un cookie est inoffensif, il ne contient pas de code malveillant ou maliciel (ex : virus, chevaux de Troie, vers, etc.) susceptible d&rsquo;endommager votre terminal (ordinateur, smartphone, tablette, etc.), mais il a un certain impact sur votre droit \u00e0 la protection des donn\u00e9es, puisqu&rsquo;il collecte certaines informations vous concernant (habitudes de navigation, identit\u00e9, pr\u00e9f\u00e9rences, etc.). <br style=\"height: 8px; margin-top: 8px;\"> <h3><i class=\"fas fa-angle-right\" style=\"font-size: 20px; color: #d50057;\"><\/i><strong> Quelles informations un cookie stocke-t-il ?<\/strong><\/h3> Les cookies ne collectent g\u00e9n\u00e9ralement pas de cat\u00e9gories particuli\u00e8res de donn\u00e9es \u00e0 caract\u00e8re personnel (donn\u00e9es sensibles). Les donn\u00e9es qu&rsquo;ils stockent sont de nature technique, pr\u00e9f\u00e9rences personnelles, personnalisation du contenu, etc.  <br style=\"height: 8px; margin-top: 8px;\"> <h3><i class=\"fas fa-angle-right\" style=\"font-size: 20px; color: #d50057;\"><\/i><strong> Quels sont les types de cookies ?<\/strong><\/h3> D&rsquo;une mani\u00e8re g\u00e9n\u00e9rale, il existe cinq types de cookies : &nbsp;\n<h4><strong>Cookies techniques :<\/strong><\/h4> Il s&rsquo;agit des cookies les plus \u00e9l\u00e9mentaires. Ils permettent \u00e0 l&rsquo;utilisateur de naviguer sur un site web, une plateforme ou une application et d&rsquo;utiliser les diff\u00e9rentes options ou services qui y existent comme, par exemple, le contr\u00f4le du trafic et de la communication des donn\u00e9es, l&rsquo;identification de la session, l&rsquo;acc\u00e8s \u00e0 des parties \u00e0 acc\u00e8s restreint, la m\u00e9morisation des \u00e9l\u00e9ments qui composent une commande, la r\u00e9alisation du processus d&rsquo;achat d&rsquo;une commande, la r\u00e9alisation de la demande d&rsquo;inscription ou de participation \u00e0 un \u00e9v\u00e9nement, l&rsquo;utilisation d&rsquo;\u00e9l\u00e9ments de s\u00e9curit\u00e9 lors de la navigation, le stockage de contenus pour la diffusion de vid\u00e9os ou de sons ou le partage de contenus via les r\u00e9seaux sociaux.  <h4><strong>Cookies de personnalisation: <\/strong><\/h4> Ceux-ci permettent \u00e0 l&rsquo;utilisateur d&rsquo;acc\u00e9der au service avec certaines caract\u00e9ristiques g\u00e9n\u00e9rales pr\u00e9d\u00e9finies en fonction d&rsquo;une s\u00e9rie de crit\u00e8res dans le terminal de l&rsquo;utilisateur, comme par exemple la langue, le type de navigateur utilis\u00e9 pour acc\u00e9der au service, la configuration r\u00e9gionale \u00e0 partir de laquelle on acc\u00e8de au service, etc. <h4><strong>Cookies d&rsquo;analyse:<\/strong><\/h4> Ces cookies permettent au responsable de suivre et d&rsquo;analyser le comportement des utilisateurs des sites web auxquels ils sont li\u00e9s. Les informations collect\u00e9es par ce type de cookies sont utilis\u00e9es pour mesurer l&rsquo;activit\u00e9 des sites web, applications ou plateformes et pour l&rsquo;\u00e9laboration de profils de navigation des utilisateurs de ces sites, applications et plateformes, afin d&rsquo;introduire des am\u00e9liorations bas\u00e9es sur l&rsquo;analyse des donn\u00e9es relatives \u00e0 l&rsquo;utilisation faite par les utilisateurs du service.  <h4><strong>Cookies publicitaires:<\/strong><\/h4> Il s&rsquo;agit de ceux qui permettent de g\u00e9rer, de la mani\u00e8re la plus efficace possible, les espaces publicitaires que, le cas \u00e9ch\u00e9ant, le responsable a inclus sur un site web, une application ou une plateforme \u00e0 partir desquels le service demand\u00e9 est fourni, sur la base de crit\u00e8res tels que le contenu \u00e9dit\u00e9 ou la fr\u00e9quence \u00e0 laquelle les publicit\u00e9s sont affich\u00e9es. <h4><strong>Cookies de publicit\u00e9 comportementale: <\/strong><\/h4> Il s&rsquo;agit de ceux qui permettent de g\u00e9rer, de la mani\u00e8re la plus efficace possible, les espaces publicitaires que, le cas \u00e9ch\u00e9ant, le responsable a inclus sur un site web, une application ou une plateforme \u00e0 partir de laquelle le service demand\u00e9 est fourni. Ces cookies stockent des informations sur le comportement des utilisateurs obtenues gr\u00e2ce \u00e0 l&rsquo;observation continue de leurs habitudes de navigation, ce qui permet de d\u00e9velopper un profil sp\u00e9cifique pour afficher de la publicit\u00e9 en fonction de celui-ci.  <br style=\"height: 8px; margin-top: 8px;\"> <h3><i class=\"fas fa-angle-right\" style=\"font-size: 20px; color: #d50057;\"><\/i><strong> Qu&rsquo;est-ce qu&rsquo;un cookie de premi\u00e8re partie et un cookie de tierce partie?<\/strong><\/h3>\n<strong>Cookies de premi\u00e8re partie: <\/strong>Les cookies de premi\u00e8re partie sont ceux qui sont g\u00e9n\u00e9r\u00e9s et g\u00e9r\u00e9s par la partie responsable de la fourniture du service demand\u00e9 par l&rsquo;utilisateur.<br>\n<strong>Cookies de tiers: <\/strong> il s&rsquo;agit de cookies g\u00e9n\u00e9r\u00e9s par des entit\u00e9s autres que le responsable (services ou fournisseurs externes, tels que Google, par exemple). <br style=\"height: 8px; margin-top: 8px;\"><h3><i class=\"fas fa-angle-right\" style=\"font-size: 20px; color: #d50057;\"><\/i><strong> Quels types de cookies notre site web stocke-t-il ?<\/strong><\/h3>\n\n\n<p>Voici une liste des types de cookies stock\u00e9s sur notre site web et de leur finalit\u00e9:<\/p>\n<table class=\"default\">\n<tbody>\n<tr>\n<th>Nom du cookie<\/th><th>Objectf<\/th><th>Expiration<\/th>\n<\/tr>\n<tr>\n<td>cmplz_functional<\/td><td>Save cookie consent preferences<\/td><td>2024-04-24<\/td>\n<\/tr>\n<tr>\n<td>cmplz_statistics<\/td><td>Enregistrer les pr\u00e9f\u00e9rences de consentement des cookies<\/td><td>2024-04-24<\/td>\n<\/tr>\n<tr>\n<td>cmplz_marketing<\/td><td>Enregistrer les pr\u00e9f\u00e9rences de consentement des cookies<\/td><td>2024-04-24<\/td>\n<\/tr>\n<tr>\n<td>cmplz_preferences<\/td><td>Enregistrer les pr\u00e9f\u00e9rences en mati\u00e8re de consentement aux cookies<\/td><td>2024-04-24<\/td>\n<\/tr>\n<tr>\n<td>_ga<\/td><td>Comptage et suivi des pages vues<\/td><td>2024-05-25<\/td>\n<\/tr>\n<tr>\n<td>cmplz_policy_id<\/td><td>Store the ID of the accepted cookie policy<\/td><td>2024-04-24<\/td>\n<\/tr>\n<tr>\n<td>cmplz_consented_services<\/td><td>Enregistrer les pr\u00e9f\u00e9rences de consentement aux cookies<\/td><td>2024-04-24<\/td>\n<\/tr>\n<tr>\n<td>_ga_7KG5VH4K6Z<\/td><td>Compter et suivre les pages vues<\/td><td>2024-05-25<\/td>\n<\/tr>\n<tr>\n<td>Esperantus_Language_intranet.vsion.e<\/td><td><\/td><td>2024-05-25<\/td>\n<\/tr>\n<\/tbody>\n<\/table>\n<br style=\"height: 8px; margin-top: 8px;\"><h3><i class=\"fas fa-angle-right\" style=\"font-size: 20px; color: #d50057;\"><\/i><strong> Que puis-je faire avec des biscuits?<\/strong><\/h3> Les cookies peuvent \u00eatre supprim\u00e9s, accept\u00e9s ou bloqu\u00e9s, comme vous le souhaitez, simplement en configurant votre navigateur web en cons\u00e9quence.<br> Vous pouvez \u00e0 tout moment emp\u00eacher l&rsquo;installation de cookies (blocage) sur votre ordinateur en utilisant l&rsquo;option correspondante de votre navigateur, mais dans ce cas, nous ne pouvons pas garantir le bon fonctionnement des diff\u00e9rentes fonctionnalit\u00e9s de notre site web.<br> Vous trouverez ci-dessous des liens pour g\u00e9rer et bloquer les cookies en fonction du navigateur que vous utilisez : <ul>\n \t<li style=\"list-style-type: none;\">\n<ul>\n \t<li><strong>Internet Explorer: <\/strong> <a href=\"http:\/\/windows.microsoft.com\/es-xl\/internet-explorer\/delete-manage-cookies#ie=ie-10\" target=\"_blank\" rel=\"nofollow noopener\">http:\/\/windows.microsoft.com\/es-xl\/internet-explorer\/delete-manage-cookies#ie=ie-10<\/a><\/li>\n \t<li><strong>FireFox: <\/strong><a href=\"http:\/\/support.mozilla.org\/es\/kb\/habilitar-y-deshabilitar-cookies-que-los-sitios-we\" target=\"_blank\" rel=\"nofollow noopener\">http:\/\/support.mozilla.org\/es\/kb\/habilitar-y-deshabilitar-cookies-que-los-sitios-we<\/a><\/li>\n \t<li><strong>Chrome: <\/strong><a href=\"https:\/\/support.google.com\/chrome\/answer\/95647?hl=es\" target=\"_blank\" rel=\"nofollow noopener\">https:\/\/support.google.com\/chrome\/answer\/95647?hl=es<\/a><\/li>\n \t<li><strong>Safari: <\/strong>https:\/\/www.apple.com\/legal\/privacy\/es\/cookies\/<\/li>\n<\/ul>\n<\/li>\n<\/ul>\n&nbsp;\n\n<p>Vous pouvez \u00e9galement supprimer les cookies stock\u00e9s dans votre navigateur en acc\u00e9dant aux param\u00e8tres de ce dernier.<\/p>\n\t\t\t\t\t\t\t\t<\/div>\n\t\t\t\t<\/div>\n\t\t\t\t\t<\/div>\n\t\t<\/div>\n\t\t\t\t\t<\/div>\n\t\t<\/section>\n\t\t\t\t<\/div>\n\t\t","protected":false},"excerpt":{"rendered":"<p>Que sont les cookies et \u00e0 quoi servent-ils ? Un cookie est un petit \u00e9l\u00e9ment d&rsquo;information qui est stock\u00e9 dans votre navigateur chaque fois que vous visitez notre site web. Les cookies ont pour but de conserver l&rsquo;historique de vos activit\u00e9s sur notre site web, de sorte que lorsque vous le visitez \u00e0 nouveau, il [&hellip;]<\/p>\n","protected":false},"author":6,"featured_media":0,"parent":0,"menu_order":0,"comment_status":"closed","ping_status":"closed","template":"elementor_header_footer","meta":{"content-type":"","inline_featured_image":false,"footnotes":""},"class_list":["post-11468","page","type-page","status-publish","hentry"],"_links":{"self":[{"href":"https:\/\/vrfp.es\/fr\/wp-json\/wp\/v2\/pages\/11468","targetHints":{"allow":["GET"]}}],"collection":[{"href":"https:\/\/vrfp.es\/fr\/wp-json\/wp\/v2\/pages"}],"about":[{"href":"https:\/\/vrfp.es\/fr\/wp-json\/wp\/v2\/types\/page"}],"author":[{"embeddable":true,"href":"https:\/\/vrfp.es\/fr\/wp-json\/wp\/v2\/users\/6"}],"replies":[{"embeddable":true,"href":"https:\/\/vrfp.es\/fr\/wp-json\/wp\/v2\/comments?post=11468"}],"version-history":[{"count":1,"href":"https:\/\/vrfp.es\/fr\/wp-json\/wp\/v2\/pages\/11468\/revisions"}],"predecessor-version":[{"id":11469,"href":"https:\/\/vrfp.es\/fr\/wp-json\/wp\/v2\/pages\/11468\/revisions\/11469"}],"wp:attachment":[{"href":"https:\/\/vrfp.es\/fr\/wp-json\/wp\/v2\/media?parent=11468"}],"curies":[{"name":"wp","href":"https:\/\/api.w.org\/{rel}","templated":true}]}}