{"id":11482,"date":"2023-03-09T12:07:08","date_gmt":"2023-03-09T12:07:08","guid":{"rendered":"https:\/\/vrfp.es\/politique-de-confidentialite\/"},"modified":"2025-06-10T08:04:15","modified_gmt":"2025-06-10T08:04:15","slug":"politique-de-confidentialite","status":"publish","type":"page","link":"https:\/\/vrfp.es\/fr\/politique-de-confidentialite\/","title":{"rendered":"Politique de confidentialit\u00e9"},"content":{"rendered":"\t\t<div data-elementor-type=\"wp-page\" data-elementor-id=\"11482\" class=\"elementor elementor-11482 elementor-1056\" data-elementor-post-type=\"page\">\n\t\t\t\t\t\t<section class=\"elementor-section elementor-top-section elementor-element elementor-element-7613077 elementor-section-content-middle elementor-section-boxed elementor-section-height-default elementor-section-height-default\" data-id=\"7613077\" data-element_type=\"section\" data-settings=\"{&quot;background_background&quot;:&quot;classic&quot;,&quot;background_motion_fx_motion_fx_mouse&quot;:&quot;yes&quot;}\">\n\t\t\t\t\t\t\t<div class=\"elementor-background-overlay\"><\/div>\n\t\t\t\t\t\t\t<div class=\"elementor-container elementor-column-gap-default\">\n\t\t\t\t\t<div class=\"elementor-column elementor-col-100 elementor-top-column elementor-element elementor-element-57ec360\" data-id=\"57ec360\" data-element_type=\"column\">\n\t\t\t<div class=\"elementor-widget-wrap elementor-element-populated\">\n\t\t\t\t\t\t<div class=\"elementor-element elementor-element-6aee6e8 elementor-widget elementor-widget-heading\" data-id=\"6aee6e8\" data-element_type=\"widget\" data-widget_type=\"heading.default\">\n\t\t\t\t<div class=\"elementor-widget-container\">\n\t\t\t\t\t<div class=\"elementor-heading-title elementor-size-default\">Politique de confidentialit\u00e9<\/div>\t\t\t\t<\/div>\n\t\t\t\t<\/div>\n\t\t\t\t\t<\/div>\n\t\t<\/div>\n\t\t\t\t\t<\/div>\n\t\t<\/section>\n\t\t\t\t<section class=\"elementor-section elementor-top-section elementor-element elementor-element-5715213 elementor-section-boxed elementor-section-height-default elementor-section-height-default\" data-id=\"5715213\" data-element_type=\"section\" data-settings=\"{&quot;background_background&quot;:&quot;classic&quot;}\">\n\t\t\t\t\t\t<div class=\"elementor-container elementor-column-gap-default\">\n\t\t\t\t\t<div class=\"elementor-column elementor-col-100 elementor-top-column elementor-element elementor-element-d24cc15\" data-id=\"d24cc15\" data-element_type=\"column\">\n\t\t\t<div class=\"elementor-widget-wrap elementor-element-populated\">\n\t\t\t\t\t\t<div class=\"elementor-element elementor-element-6726f16 elementor-widget elementor-widget-text-editor\" data-id=\"6726f16\" data-element_type=\"widget\" data-widget_type=\"text-editor.default\">\n\t\t\t\t<div class=\"elementor-widget-container\">\n\t\t\t\t\t\t\t\t\tEn Europe et en Espagne, il existe des r\u00e9glementations en mati\u00e8re de protection des donn\u00e9es con\u00e7ues pour prot\u00e9ger vos informations personnelles et qui nous lient. Il est donc tr\u00e8s important pour nous que vous compreniez parfaitement ce que nous ferons des donn\u00e9es personnelles que nous vous demandons. <br> Ainsi, nous serons transparents et vous donnerons le contr\u00f4le de vos donn\u00e9es, avec un langage simple et des choix clairs qui vous permettront de d\u00e9cider de ce que nous faisons de vos informations personnelles. N&rsquo;h\u00e9sitez pas \u00e0 nous contacter si vous avez des questions apr\u00e8s avoir lu ces informations. <br> Merci beaucoup pour votre coop\u00e9ration.<br>\n<br style=\"height: 8px; margin-top: 8px;\"><h3><i class=\"fas fa-angle-right\" style=\"font-size: 20px; color: #d50057;\"><\/i> <strong> <\/strong><strong>Qui sommes-nous?<\/strong><\/h3>\n\n<ul>\n \t<li>Notre d\u00e9nomination: <strong>VSION STUDIO INTERACTIVE, S.L.<\/strong><\/li>\n \t<li>Notre CIF \/ NIF: <strong> B16331324<\/strong><\/li>\n \t<li>Notre c\u0153ur de m\u00e9tier: <strong> le d\u00e9veloppement d&rsquo;exp\u00e9riences virtuelles <\/strong> <\/li>\n \t<li>Notre adresse: <strong> Plaza de la Constituci\u00f3n, 9. 16001 Cuenca (Espagne) <\/strong><\/li>\n \t<li>Notre num\u00e9ro de t\u00e9l\u00e9phone de contact: <strong>+34 665 64 73 43<\/strong><\/li>\n \t<li>Notre adresse \u00e9lectronique de contact: <strong>info@vrfp.es<\/strong><\/li>\n \t<li>Notre site web: <strong> www.vrfp.es <\/strong> <\/li>\n \t<li>Inscrit au Registre (Mercantile \/ Public) : Registre Mercantile de Cuenca, Volume 712, Livre 0, Folio 219, Page CU-10622, 1\u00e8re Inscription.<\/li><br>\n<\/ul> Nous sommes \u00e0 votre disposition, n&rsquo;h\u00e9sitez pas \u00e0 nous contacter. <br style=\"height: 8px; margin-top: 8px;\"><h3><i class=\"fas fa-angle-right\" style=\"font-size: 20px; color: #d50057;\"><\/i><strong> \u00c0 quelles fins allons-nous utiliser vos donn\u00e9es?<\/strong><\/h3> En g\u00e9n\u00e9ral, vos donn\u00e9es personnelles seront utilis\u00e9es pour interagir avec vous et vous fournir nos services. Elles peuvent \u00e9galement \u00eatre utilis\u00e9es pour d&rsquo;autres activit\u00e9s, telles que l&rsquo;envoi de publicit\u00e9 ou la promotion de nos activit\u00e9s.  <br style=\"height: 8px; margin-top: 8px;\"><h3><i class=\"fas fa-angle-right\" style=\"font-size: 20px; color: #d50057;\"><\/i><strong> Pourquoi avons-nous besoin d&rsquo;utiliser vos donn\u00e9es?<\/strong><\/h3> Vos informations personnelles sont n\u00e9cessaires pour que nous puissions interagir avec vous et vous fournir nos services. \u00c0 cet \u00e9gard, nous vous proposons un certain nombre de cases \u00e0 cocher qui vous permettront de prendre une d\u00e9cision claire et simple quant \u00e0 l&rsquo;utilisation de vos informations personnelles.  <br style=\"height: 8px; margin-top: 8px;\"><h3><i class=\"fas fa-angle-right\" style=\"font-size: 20px; color: #d50057;\"><\/i><strong> Qui conna\u00eetra les informations que nous demandons?<\/strong><\/h3><br> En g\u00e9n\u00e9ral, seul le personnel d\u00fbment autoris\u00e9 de notre organisation peut avoir acc\u00e8s aux informations que nous demandons.<br> De m\u00eame, les entit\u00e9s qui doivent avoir acc\u00e8s \u00e0 vos informations personnelles pour que nous puissions vous fournir nos services peuvent \u00e9galement avoir acc\u00e8s \u00e0 vos informations personnelles. Par exemple, notre banque conna\u00eetra vos coordonn\u00e9es si le paiement de nos services est effectu\u00e9 par carte de cr\u00e9dit ou par virement bancaire. <br> De m\u00eame, les entit\u00e9s publiques ou priv\u00e9es auxquelles nous sommes oblig\u00e9s de fournir vos donn\u00e9es personnelles pour nous conformer \u00e0 la loi auront connaissance de vos informations. \u00c0 titre d&rsquo;exemple, la loi fiscale nous oblige \u00e0 fournir \u00e0 l&rsquo;Agence fiscale certaines informations sur les transactions \u00e9conomiques d\u00e9passant un certain montant. <br> Si, en dehors des cas mentionn\u00e9s ci-dessus, nous devons divulguer vos informations personnelles \u00e0 d&rsquo;autres entit\u00e9s, nous vous demanderons votre autorisation pr\u00e9alable par le biais d&rsquo;options claires qui vous permettront de prendre une d\u00e9cision \u00e0 cet \u00e9gard.<br>\n\n<br style=\"height: 8px; margin-top: 8px;\"><h3><i class=\"fas fa-angle-right\" style=\"font-size: 20px; color: #d50057;\"><\/i><strong> Comment prot\u00e9geons-nous vos donn\u00e9es?<\/strong><\/h3><br> Nous prot\u00e9gerons vos donn\u00e9es par des mesures de s\u00e9curit\u00e9 efficaces correspondant aux risques associ\u00e9s \u00e0 l&rsquo;utilisation de vos informations.<br> \u00c0 cette fin, nous avons approuv\u00e9 une politique de protection des donn\u00e9es et des contr\u00f4les et audits annuels sont effectu\u00e9s pour garantir que vos donn\u00e9es personnelles sont s\u00e9curis\u00e9es \u00e0 tout moment.<br>\n\n<br style=\"height: 8px; margin-top: 8px;\"><h3><i class=\"fas fa-angle-right\" style=\"font-size: 20px; color: #d50057;\"><\/i><strong> Envoyons-nous vos donn\u00e9es \u00e0 d&rsquo;autres pays?<\/strong><\/h3> Il y a des pays dans le monde qui sont s\u00fbrs pour vos donn\u00e9es et d&rsquo;autres qui le sont moins. Par exemple, l&rsquo;Union europ\u00e9enne est un environnement s\u00fbr pour vos donn\u00e9es. Notre politique est de ne pas envoyer vos informations personnelles dans un pays qui n&rsquo;est pas s\u00fbr du point de vue de la protection des donn\u00e9es.  <br> Si, pour vous fournir le service, il est indispensable d&rsquo;envoyer vos donn\u00e9es dans un pays qui n&rsquo;est pas aussi s\u00fbr que l&rsquo;Espagne, nous vous demanderons toujours votre autorisation pr\u00e9alable et nous appliquerons des mesures de s\u00e9curit\u00e9 efficaces pour r\u00e9duire les risques li\u00e9s \u00e0 l&rsquo;envoi de vos informations personnelles dans un autre pays.<br>\n\n<br style=\"height: 8px; margin-top: 8px;\"><h3><i class=\"fas fa-angle-right\" style=\"font-size: 20px; color: #d50057;\"><\/i><strong> Combien de temps conserverons-nous vos donn\u00e9es?<\/strong><\/h3> Nous conserverons vos donn\u00e9es pendant toute la dur\u00e9e de notre relation et aussi longtemps que la loi nous y oblige. \u00c0 l&rsquo;issue des p\u00e9riodes l\u00e9gales applicables, nous les d\u00e9truirons d&rsquo;une mani\u00e8re s\u00fbre et respectueuse de l&rsquo;environnement. <br>\n\n<br style=\"height: 8px; margin-top: 8px;\"><h3><i class=\"fas fa-angle-right\" style=\"font-size: 20px; color: #d50057;\"><\/i><strong> Quels sont vos droits en mati\u00e8re de protection des donn\u00e9es?<\/strong><\/h3><br> Vous pouvez nous contacter \u00e0 tout moment pour conna\u00eetre les informations que nous d\u00e9tenons \u00e0 votre sujet, les rectifier si elles sont incorrectes et les supprimer apr\u00e8s la fin de notre relation, lorsque cela est l\u00e9galement possible.<br> Vous avez \u00e9galement le droit de demander le transfert de vos informations \u00e0 une autre entit\u00e9. Ce droit est appel\u00e9 \u00ab portabilit\u00e9 \u00bb et peut \u00eatre utile dans certaines situations.<br>Pour exercer l&rsquo;un de ces droits, vous devez en faire la demande par \u00e9crit \u00e0 notre adresse, accompagn\u00e9e d&rsquo;une photocopie de votre carte d&rsquo;identit\u00e9, afin que nous puissions vous identifier.<br>Nous disposons dans nos bureaux de formulaires sp\u00e9cifiques pour demander ces droits et nous vous offrons notre aide pour les remplir.<br>Pour en savoir plus sur vos droits en mati\u00e8re de protection des donn\u00e9es, vous pouvez consulter le site de l&rsquo;Agence espagnole de protection des donn\u00e9es. (<a href=\"http:\/\/www.agpd.es\/\" target=\"_blank\" rel=\"nofollow noopener\">www.agpd.es<\/a>). <br>\n\n<br style=\"height: 8px; margin-top: 8px;\"><h3><i class=\"fas fa-angle-right\" style=\"font-size: 20px; color: #d50057;\"><\/i><strong> Pouvez-vous retirer votre consentement si vous changez d&rsquo;avis ult\u00e9rieurement?<\/strong><\/h3> Vous pouvez \u00e0 tout moment retirer votre consentement si vous changez d&rsquo;avis sur l&rsquo;utilisation de vos donn\u00e9es.<br> Par exemple, si vous avez \u00e9t\u00e9 int\u00e9ress\u00e9 par la publicit\u00e9 pour nos produits ou services, mais que vous ne souhaitez plus recevoir de publicit\u00e9, vous pouvez nous le faire savoir en remplissant le formulaire d&rsquo;objection disponible dans nos bureaux.<br>\n\n<br style=\"height: 8px; margin-top: 8px;\"><h3><i class=\"fas fa-angle-right\" style=\"font-size: 20px; color: #d50057;\"><\/i><strong> Si vous estimez que vos droits n&rsquo;ont pas \u00e9t\u00e9 respect\u00e9s, o\u00f9 pouvez-vous d\u00e9poser une plainte?<\/strong><\/h3> Si vous estimez que notre entit\u00e9 n&rsquo;a pas respect\u00e9 vos droits, vous pouvez d\u00e9poser une plainte aupr\u00e8s de l&rsquo;Agence espagnole de protection des donn\u00e9es, par l&rsquo;un des moyens suivants: <ul>\n \t<li>Si\u00e8ge \u00e9lectronique: www.agpd.es<\/li>\n \t<li>Adresse postale : Agencia Espa\u00f1ola de Protecci\u00f3n de Datos &#8211; C\/ Jorge Juan, 6 &#8211; 28001 &#8211; Madrid<\/li>\n \t<li>Par t\u00e9l\u00e9phone : Tel. 901 100 099 \u2013 91 266 35 17 <\/li><br>\n\n<\/ul> Le d\u00e9p\u00f4t d&rsquo;une plainte aupr\u00e8s de l&rsquo;Agence espagnole de protection des donn\u00e9es n&rsquo;entra\u00eene aucun co\u00fbt et l&rsquo;assistance d&rsquo;un avocat ou d&rsquo;un juriste n&rsquo;est pas n\u00e9cessaire.<br>\n\n<br style=\"height: 8px; margin-top: 8px;\"><h3><i class=\"fas fa-angle-right\" style=\"font-size: 20px; color: #d50057;\"><\/i><strong> Allons-nous \u00e9tablir votre profil?<\/strong><\/h3> Nous avons pour principe de ne pas \u00e9tablir de profil pour les utilisateurs de nos services.<br> Toutefois, il peut arriver que, pour des raisons de service, de marketing ou autres, nous ayons besoin d&rsquo;\u00e9tablir un profil des informations vous concernant. Un exemple pourrait \u00eatre l&rsquo;utilisation de votre historique d&rsquo;achat ou de service pour nous permettre de vous offrir des produits ou des services adapt\u00e9s \u00e0 vos go\u00fbts ou \u00e0 vos besoins. <br> Dans ce cas, nous mettrons en \u0153uvre des mesures de s\u00e9curit\u00e9 efficaces pour prot\u00e9ger \u00e0 tout moment vos informations contre les personnes non autoris\u00e9es cherchant \u00e0 les utiliser \u00e0 leur profit.<br>\n\n<br style=\"height: 8px; margin-top: 8px;\"><h3><i class=\"fas fa-angle-right\" style=\"font-size: 20px; color: #d50057;\"><\/i><strong> Vos donn\u00e9es seront-elles utilis\u00e9es \u00e0 d&rsquo;autres fins?<\/strong><\/h3> Notre politique est de ne pas utiliser vos donn\u00e9es \u00e0 des fins autres que celles que nous vous avons expliqu\u00e9es. Si, toutefois, nous devons utiliser vos donn\u00e9es pour d&rsquo;autres activit\u00e9s, nous vous demanderons toujours votre autorisation au pr\u00e9alable en vous proposant des options claires pour vous permettre de d\u00e9cider.  \t\t\t\t\t\t\t\t<\/div>\n\t\t\t\t<\/div>\n\t\t\t\t\t<\/div>\n\t\t<\/div>\n\t\t\t\t\t<\/div>\n\t\t<\/section>\n\t\t\t\t<\/div>\n\t\t","protected":false},"excerpt":{"rendered":"<p>En Europe et en Espagne, il existe des r\u00e9glementations en mati\u00e8re de protection des donn\u00e9es con\u00e7ues pour prot\u00e9ger vos informations personnelles et qui nous lient. Il est donc tr\u00e8s important pour nous que vous compreniez parfaitement ce que nous ferons des donn\u00e9es personnelles que nous vous demandons. Ainsi, nous serons transparents et vous donnerons le [&hellip;]<\/p>\n","protected":false},"author":6,"featured_media":0,"parent":0,"menu_order":0,"comment_status":"closed","ping_status":"closed","template":"elementor_header_footer","meta":{"content-type":"","inline_featured_image":false,"footnotes":""},"class_list":["post-11482","page","type-page","status-publish","hentry"],"_links":{"self":[{"href":"https:\/\/vrfp.es\/fr\/wp-json\/wp\/v2\/pages\/11482","targetHints":{"allow":["GET"]}}],"collection":[{"href":"https:\/\/vrfp.es\/fr\/wp-json\/wp\/v2\/pages"}],"about":[{"href":"https:\/\/vrfp.es\/fr\/wp-json\/wp\/v2\/types\/page"}],"author":[{"embeddable":true,"href":"https:\/\/vrfp.es\/fr\/wp-json\/wp\/v2\/users\/6"}],"replies":[{"embeddable":true,"href":"https:\/\/vrfp.es\/fr\/wp-json\/wp\/v2\/comments?post=11482"}],"version-history":[{"count":1,"href":"https:\/\/vrfp.es\/fr\/wp-json\/wp\/v2\/pages\/11482\/revisions"}],"predecessor-version":[{"id":11483,"href":"https:\/\/vrfp.es\/fr\/wp-json\/wp\/v2\/pages\/11482\/revisions\/11483"}],"wp:attachment":[{"href":"https:\/\/vrfp.es\/fr\/wp-json\/wp\/v2\/media?parent=11482"}],"curies":[{"name":"wp","href":"https:\/\/api.w.org\/{rel}","templated":true}]}}