{"id":11282,"date":"2023-03-09T12:15:00","date_gmt":"2023-03-09T12:15:00","guid":{"rendered":"https:\/\/vrfp.es\/avviso-legale\/"},"modified":"2025-06-10T08:05:13","modified_gmt":"2025-06-10T08:05:13","slug":"avviso-legale","status":"publish","type":"page","link":"https:\/\/vrfp.es\/it\/avviso-legale\/","title":{"rendered":"Avviso legale"},"content":{"rendered":"\t\t<div data-elementor-type=\"wp-page\" data-elementor-id=\"11282\" class=\"elementor elementor-11282 elementor-1070\" data-elementor-post-type=\"page\">\n\t\t\t\t\t\t<section class=\"elementor-section elementor-top-section elementor-element elementor-element-600061d elementor-section-content-middle elementor-section-boxed elementor-section-height-default elementor-section-height-default\" data-id=\"600061d\" data-element_type=\"section\" data-settings=\"{&quot;background_background&quot;:&quot;classic&quot;,&quot;background_motion_fx_motion_fx_mouse&quot;:&quot;yes&quot;}\">\n\t\t\t\t\t\t\t<div class=\"elementor-background-overlay\"><\/div>\n\t\t\t\t\t\t\t<div class=\"elementor-container elementor-column-gap-default\">\n\t\t\t\t\t<div class=\"elementor-column elementor-col-100 elementor-top-column elementor-element elementor-element-ea18af9\" data-id=\"ea18af9\" data-element_type=\"column\">\n\t\t\t<div class=\"elementor-widget-wrap elementor-element-populated\">\n\t\t\t\t\t\t<div class=\"elementor-element elementor-element-a753a8e elementor-widget elementor-widget-heading\" data-id=\"a753a8e\" data-element_type=\"widget\" data-widget_type=\"heading.default\">\n\t\t\t\t<div class=\"elementor-widget-container\">\n\t\t\t\t\t<div class=\"elementor-heading-title elementor-size-default\">Avviso legale<\/div>\t\t\t\t<\/div>\n\t\t\t\t<\/div>\n\t\t\t\t\t<\/div>\n\t\t<\/div>\n\t\t\t\t\t<\/div>\n\t\t<\/section>\n\t\t\t\t<section class=\"elementor-section elementor-top-section elementor-element elementor-element-60f7612 elementor-section-boxed elementor-section-height-default elementor-section-height-default\" data-id=\"60f7612\" data-element_type=\"section\" data-settings=\"{&quot;background_background&quot;:&quot;classic&quot;}\">\n\t\t\t\t\t\t<div class=\"elementor-container elementor-column-gap-default\">\n\t\t\t\t\t<div class=\"elementor-column elementor-col-100 elementor-top-column elementor-element elementor-element-a572bbb\" data-id=\"a572bbb\" data-element_type=\"column\">\n\t\t\t<div class=\"elementor-widget-wrap elementor-element-populated\">\n\t\t\t\t\t\t<div class=\"elementor-element elementor-element-7ed5b95 elementor-widget elementor-widget-text-editor\" data-id=\"7ed5b95\" data-element_type=\"widget\" data-widget_type=\"text-editor.default\">\n\t\t\t\t<div class=\"elementor-widget-container\">\n\t\t\t\t\t\t\t\t\tL&#8217;uso del sito web attribuisce la condizione di Utente e implica l&#8217;accettazione piena e senza riserve di ogni singola disposizione inclusa in questo Avviso Legale, pertanto se non si \u00e8 d&#8217;accordo con una qualsiasi delle condizioni qui esposte, non si deve usare\/accedere a questo sito web. <br style=\"height: 8px; margin-top: 8px;\"><h3><span style=\"color: #f0eae4;\"><strong><i class=\"fas fa-angle-right\" style=\"font-size: 20px; color: #d50057;\"><\/i> Propriet\u00e0 Intellettuale e Industriale<\/strong><\/span><\/h3> Tutti i contenuti di questa pagina web, compresi, ma non solo, i testi, la grafica, le immagini, il suo design e i diritti di propriet\u00e0 intellettuale che possono corrispondere a tali contenuti, cos\u00ec come tutti i marchi, i nomi commerciali o qualsiasi altro segno distintivo sono di propriet\u00e0 di VSION STUDIO INTERACTIVE, S.L. o dei loro legittimi proprietari, e tutti i diritti su di essi sono riservati.<br> \u00c8 vietata la riproduzione dei contenuti, totale o parziale, in qualsiasi forma o con qualsiasi mezzo, meccanico, elettronico, reprografico o altro, cos\u00ec come qualsiasi atto di diffusione, comunicazione pubblica o distribuzione, senza la previa autorizzazione scritta di VSION STUDIO INTERACTIVE, S.L. o dei suoi legittimi proprietari.<br> VSION STUDIO INTERACTIVE, S.L. non sar\u00e0 responsabile di alcun danno o pregiudizio che possa derivare dall&#8217;uso dei contenuti da parte degli utenti o dalla violazione da parte di questi di qualsiasi disposizione legale in vigore. <br style=\"height: 8px; margin-top: 8px;\">\n<h3><span style=\"color: #f0eae4;\"><strong><i class=\"fas fa-angle-right\" style=\"font-size: 20px; color: #d50057;\"><\/i> Collegamenti<\/strong><\/span><\/h3> VSION STUDIO INTERACTIVE, S.L. non si assume alcuna responsabilit\u00e0 per i link esterni che, eventualmente, possono essere inseriti nella rete, in quanto non ha alcun controllo su di essi, e pertanto l&#8217;utente accede al contenuto e alle condizioni d&#8217;uso che li regolano sotto la propria responsabilit\u00e0. <br style=\"height: 8px; margin-top: 8px;\">\n<h3><span style=\"color: #f0eae4;\"><strong><i class=\"fas fa-angle-right\" style=\"font-size: 20px; color: #d50057;\"><\/i> Contenuti<\/strong><\/span><\/h3> VSION STUDIO INTERACTIVE, S.L. si riserva il diritto di apportare senza preavviso le modifiche che ritiene opportune al sito web, e pu\u00f2 cambiare, eliminare o aggiungere contenuti e servizi che fornisce, nonch\u00e9 il modo in cui sono presentati o localizzati. <br style=\"height: 8px; margin-top: 8px;\">\n<h3><span style=\"color: #f0eae4;\"><strong><i class=\"fas fa-angle-right\" style=\"font-size: 20px; color: #d50057;\"><\/i> Comunicazioni e Notifiche<\/strong><\/span><\/h3> Tutte le comunicazioni e le notifiche saranno considerate efficaci a tutti gli effetti quando saranno inviate per posta elettronica all&#8217;indirizzo e-mail fornito dall&#8217;utente nel modulo di contatto. L&#8217;utente riconosce espressamente che tali dati sono stati da lui forniti e sono veritieri.  <br style=\"height: 8px; margin-top: 8px;\">\n<h3><span style=\"color: #f0eae4;\"><strong><i class=\"fas fa-angle-right\" style=\"font-size: 20px; color: #d50057;\"><\/i> Legislazione Applicabile<\/strong><\/span><\/h3> Il presente Avviso legale \u00e8 disciplinato in ogni suo aspetto dalla legge spagnola, con espressa rinuncia delle parti a qualsiasi altra giurisdizione che possa corrispondere loro, e sottoponendosi ai tribunali di Cuenca. \t\t\t\t\t\t\t\t<\/div>\n\t\t\t\t<\/div>\n\t\t\t\t\t<\/div>\n\t\t<\/div>\n\t\t\t\t\t<\/div>\n\t\t<\/section>\n\t\t\t\t<\/div>\n\t\t","protected":false},"excerpt":{"rendered":"<p>L&#8217;uso del sito web attribuisce la condizione di Utente e implica l&#8217;accettazione piena e senza riserve di ogni singola disposizione inclusa in questo Avviso Legale, pertanto se non si \u00e8 d&#8217;accordo con una qualsiasi delle condizioni qui esposte, non si deve usare\/accedere a questo sito web. Propriet\u00e0 Intellettuale e Industriale Tutti i contenuti di questa [&hellip;]<\/p>\n","protected":false},"author":6,"featured_media":0,"parent":0,"menu_order":0,"comment_status":"closed","ping_status":"closed","template":"elementor_header_footer","meta":{"content-type":"","inline_featured_image":false,"footnotes":""},"class_list":["post-11282","page","type-page","status-publish","hentry"],"_links":{"self":[{"href":"https:\/\/vrfp.es\/it\/wp-json\/wp\/v2\/pages\/11282","targetHints":{"allow":["GET"]}}],"collection":[{"href":"https:\/\/vrfp.es\/it\/wp-json\/wp\/v2\/pages"}],"about":[{"href":"https:\/\/vrfp.es\/it\/wp-json\/wp\/v2\/types\/page"}],"author":[{"embeddable":true,"href":"https:\/\/vrfp.es\/it\/wp-json\/wp\/v2\/users\/6"}],"replies":[{"embeddable":true,"href":"https:\/\/vrfp.es\/it\/wp-json\/wp\/v2\/comments?post=11282"}],"version-history":[{"count":1,"href":"https:\/\/vrfp.es\/it\/wp-json\/wp\/v2\/pages\/11282\/revisions"}],"predecessor-version":[{"id":11283,"href":"https:\/\/vrfp.es\/it\/wp-json\/wp\/v2\/pages\/11282\/revisions\/11283"}],"wp:attachment":[{"href":"https:\/\/vrfp.es\/it\/wp-json\/wp\/v2\/media?parent=11282"}],"curies":[{"name":"wp","href":"https:\/\/api.w.org\/{rel}","templated":true}]}}