{"id":11180,"date":"2023-03-09T12:15:00","date_gmt":"2023-03-09T12:15:00","guid":{"rendered":"https:\/\/vrfp.es\/aviso-legal\/"},"modified":"2025-06-10T08:06:01","modified_gmt":"2025-06-10T08:06:01","slug":"aviso-legal","status":"publish","type":"page","link":"https:\/\/vrfp.es\/pt-pt\/aviso-legal\/","title":{"rendered":"Aviso legal"},"content":{"rendered":"\t\t<div data-elementor-type=\"wp-page\" data-elementor-id=\"11180\" class=\"elementor elementor-11180 elementor-1070\" data-elementor-post-type=\"page\">\n\t\t\t\t\t\t<section class=\"elementor-section elementor-top-section elementor-element elementor-element-600061d elementor-section-content-middle elementor-section-boxed elementor-section-height-default elementor-section-height-default\" data-id=\"600061d\" data-element_type=\"section\" data-settings=\"{&quot;background_background&quot;:&quot;classic&quot;,&quot;background_motion_fx_motion_fx_mouse&quot;:&quot;yes&quot;}\">\n\t\t\t\t\t\t\t<div class=\"elementor-background-overlay\"><\/div>\n\t\t\t\t\t\t\t<div class=\"elementor-container elementor-column-gap-default\">\n\t\t\t\t\t<div class=\"elementor-column elementor-col-100 elementor-top-column elementor-element elementor-element-ea18af9\" data-id=\"ea18af9\" data-element_type=\"column\">\n\t\t\t<div class=\"elementor-widget-wrap elementor-element-populated\">\n\t\t\t\t\t\t<div class=\"elementor-element elementor-element-a753a8e elementor-widget elementor-widget-heading\" data-id=\"a753a8e\" data-element_type=\"widget\" data-widget_type=\"heading.default\">\n\t\t\t\t<div class=\"elementor-widget-container\">\n\t\t\t\t\t<div class=\"elementor-heading-title elementor-size-default\">Aviso legal<\/div>\t\t\t\t<\/div>\n\t\t\t\t<\/div>\n\t\t\t\t\t<\/div>\n\t\t<\/div>\n\t\t\t\t\t<\/div>\n\t\t<\/section>\n\t\t\t\t<section class=\"elementor-section elementor-top-section elementor-element elementor-element-60f7612 elementor-section-boxed elementor-section-height-default elementor-section-height-default\" data-id=\"60f7612\" data-element_type=\"section\" data-settings=\"{&quot;background_background&quot;:&quot;classic&quot;}\">\n\t\t\t\t\t\t<div class=\"elementor-container elementor-column-gap-default\">\n\t\t\t\t\t<div class=\"elementor-column elementor-col-100 elementor-top-column elementor-element elementor-element-a572bbb\" data-id=\"a572bbb\" data-element_type=\"column\">\n\t\t\t<div class=\"elementor-widget-wrap elementor-element-populated\">\n\t\t\t\t\t\t<div class=\"elementor-element elementor-element-7ed5b95 elementor-widget elementor-widget-text-editor\" data-id=\"7ed5b95\" data-element_type=\"widget\" data-widget_type=\"text-editor.default\">\n\t\t\t\t<div class=\"elementor-widget-container\">\n\t\t\t\t\t\t\t\t\tA utiliza\u00e7\u00e3o do s\u00edtio Web atribui a condi\u00e7\u00e3o de Utilizador e implica a aceita\u00e7\u00e3o plena e sem reservas de todas e cada uma das disposi\u00e7\u00f5es inclu\u00eddas no presente Aviso Legal, pelo que, se n\u00e3o concordar com alguma das condi\u00e7\u00f5es aqui estabelecidas, n\u00e3o dever\u00e1 utilizar\/aceder a este s\u00edtio Web. <br style=\"height: 8px; margin-top: 8px;\"><h3><span style=\"color: #f0eae4;\"><strong><i class=\"fas fa-angle-right\" style=\"font-size: 20px; color: #d50057;\"><\/i> Propriedade intelectual e industrial<\/strong><\/span><\/h3> Todos os conte\u00fados desta p\u00e1gina web, incluindo, a t\u00edtulo enunciativo mas n\u00e3o limitativo, textos, gr\u00e1ficos, imagens, o seu desenho e os direitos de propriedade intelectual que possam corresponder a esses conte\u00fados, assim como todas as marcas, nomes comerciais ou qualquer outro sinal distintivo s\u00e3o propriedade da VSION STUDIO INTERACTIVE, S.L. ou dos seus leg\u00edtimos propriet\u00e1rios, ficando reservados todos os direitos sobre os mesmos.<br> \u00c9 proibida qualquer reprodu\u00e7\u00e3o dos conte\u00fados, total ou parcial, sob qualquer forma ou por qualquer meio, seja mec\u00e2nico, eletr\u00f3nico, reprogr\u00e1fico ou outro, bem como qualquer ato de difus\u00e3o, comunica\u00e7\u00e3o p\u00fablica ou distribui\u00e7\u00e3o, sem a autoriza\u00e7\u00e3o pr\u00e9via e por escrito da VSION STUDIO INTERACTIVE, S.L. ou dos seus leg\u00edtimos propriet\u00e1rios.<br> A VSION STUDIO INTERACTIVE, S.L. n\u00e3o ser\u00e1 respons\u00e1vel por qualquer dano ou preju\u00edzo que possa resultar da utiliza\u00e7\u00e3o dos conte\u00fados pelos utilizadores ou da infra\u00e7\u00e3o por parte destes de qualquer disposi\u00e7\u00e3o legal em vigor. <br style=\"height: 8px; margin-top: 8px;\">\n<h3><span style=\"color: #f0eae4;\"><strong><i class=\"fas fa-angle-right\" style=\"font-size: 20px; color: #d50057;\"><\/i> Liga\u00e7\u00f5es<\/strong><\/span><\/h3> VSION STUDIO INTERACTIVE, S.L. n\u00e3o assume qualquer responsabilidade pelas liga\u00e7\u00f5es externas que, se for caso disso, possam ser inclu\u00eddas na web, uma vez que n\u00e3o tem qualquer controlo sobre as mesmas, pelo que o utilizador acede aos conte\u00fados e condi\u00e7\u00f5es de utiliza\u00e7\u00e3o que as regem sob a sua pr\u00f3pria responsabilidade. <br style=\"height: 8px; margin-top: 8px;\">\n<h3><span style=\"color: #f0eae4;\"><strong><i class=\"fas fa-angle-right\" style=\"font-size: 20px; color: #d50057;\"><\/i> Conte\u00fado<\/strong><\/span><\/h3> VSION STUDIO INTERACTIVE, S.L. reserva-se o direito de efetuar, sem aviso pr\u00e9vio, as modifica\u00e7\u00f5es que considere oportunas no s\u00edtio Web, podendo alterar, suprimir ou acrescentar conte\u00fados e servi\u00e7os que presta, bem como a forma como estes s\u00e3o apresentados ou localizados. <br style=\"height: 8px; margin-top: 8px;\">\n<h3><span style=\"color: #f0eae4;\"><strong><i class=\"fas fa-angle-right\" style=\"font-size: 20px; color: #d50057;\"><\/i> Comunica\u00e7\u00f5es e notifica\u00e7\u00f5es<\/strong><\/span><\/h3> Todas as comunica\u00e7\u00f5es e notifica\u00e7\u00f5es ser\u00e3o consideradas eficazes para todos os efeitos quando forem enviadas por correio eletr\u00f3nico para o endere\u00e7o eletr\u00f3nico fornecido pelo utilizador no formul\u00e1rio de contacto. O utilizador reconhece expressamente que esses dados foram por ele fornecidos e s\u00e3o verdadeiros. <br style=\"height: 8px; margin-top: 8px;\">\n<h3><span style=\"color: #f0eae4;\"><strong><i class=\"fas fa-angle-right\" style=\"font-size: 20px; color: #d50057;\"><\/i> Legisla\u00e7\u00e3o aplic\u00e1vel<\/strong><\/span><\/h3> O presente Aviso Legal rege-se em todos e cada um dos seus aspectos pela lei espanhola, renunciando as partes expressamente a qualquer outro foro que lhes possa corresponder, e submetendo-se aos Tribunais de Cuenca. \t\t\t\t\t\t\t\t<\/div>\n\t\t\t\t<\/div>\n\t\t\t\t\t<\/div>\n\t\t<\/div>\n\t\t\t\t\t<\/div>\n\t\t<\/section>\n\t\t\t\t<\/div>\n\t\t","protected":false},"excerpt":{"rendered":"<p>A utiliza\u00e7\u00e3o do s\u00edtio Web atribui a condi\u00e7\u00e3o de Utilizador e implica a aceita\u00e7\u00e3o plena e sem reservas de todas e cada uma das disposi\u00e7\u00f5es inclu\u00eddas no presente Aviso Legal, pelo que, se n\u00e3o concordar com alguma das condi\u00e7\u00f5es aqui estabelecidas, n\u00e3o dever\u00e1 utilizar\/aceder a este s\u00edtio Web. Propriedade intelectual e industrial Todos os conte\u00fados [&hellip;]<\/p>\n","protected":false},"author":6,"featured_media":0,"parent":0,"menu_order":0,"comment_status":"closed","ping_status":"closed","template":"elementor_header_footer","meta":{"content-type":"","inline_featured_image":false,"footnotes":""},"class_list":["post-11180","page","type-page","status-publish","hentry"],"_links":{"self":[{"href":"https:\/\/vrfp.es\/pt-pt\/wp-json\/wp\/v2\/pages\/11180","targetHints":{"allow":["GET"]}}],"collection":[{"href":"https:\/\/vrfp.es\/pt-pt\/wp-json\/wp\/v2\/pages"}],"about":[{"href":"https:\/\/vrfp.es\/pt-pt\/wp-json\/wp\/v2\/types\/page"}],"author":[{"embeddable":true,"href":"https:\/\/vrfp.es\/pt-pt\/wp-json\/wp\/v2\/users\/6"}],"replies":[{"embeddable":true,"href":"https:\/\/vrfp.es\/pt-pt\/wp-json\/wp\/v2\/comments?post=11180"}],"version-history":[{"count":1,"href":"https:\/\/vrfp.es\/pt-pt\/wp-json\/wp\/v2\/pages\/11180\/revisions"}],"predecessor-version":[{"id":11181,"href":"https:\/\/vrfp.es\/pt-pt\/wp-json\/wp\/v2\/pages\/11180\/revisions\/11181"}],"wp:attachment":[{"href":"https:\/\/vrfp.es\/pt-pt\/wp-json\/wp\/v2\/media?parent=11180"}],"curies":[{"name":"wp","href":"https:\/\/api.w.org\/{rel}","templated":true}]}}