{"id":11182,"date":"2023-03-09T12:15:51","date_gmt":"2023-03-09T12:15:51","guid":{"rendered":"https:\/\/vrfp.es\/politica-de-cookies\/"},"modified":"2025-06-10T08:06:07","modified_gmt":"2025-06-10T08:06:07","slug":"politica-de-cookies","status":"publish","type":"page","link":"https:\/\/vrfp.es\/pt-pt\/politica-de-cookies\/","title":{"rendered":"Pol\u00edtica de cookies"},"content":{"rendered":"\t\t<div data-elementor-type=\"wp-page\" data-elementor-id=\"11182\" class=\"elementor elementor-11182 elementor-1075\" data-elementor-post-type=\"page\">\n\t\t\t\t\t\t<section class=\"elementor-section elementor-top-section elementor-element elementor-element-28c4806 elementor-section-content-middle elementor-section-boxed elementor-section-height-default elementor-section-height-default\" data-id=\"28c4806\" data-element_type=\"section\" data-settings=\"{&quot;background_background&quot;:&quot;classic&quot;,&quot;background_motion_fx_motion_fx_mouse&quot;:&quot;yes&quot;}\">\n\t\t\t\t\t\t\t<div class=\"elementor-background-overlay\"><\/div>\n\t\t\t\t\t\t\t<div class=\"elementor-container elementor-column-gap-default\">\n\t\t\t\t\t<div class=\"elementor-column elementor-col-100 elementor-top-column elementor-element elementor-element-60dbf30\" data-id=\"60dbf30\" data-element_type=\"column\">\n\t\t\t<div class=\"elementor-widget-wrap elementor-element-populated\">\n\t\t\t\t\t\t<div class=\"elementor-element elementor-element-ff9822d elementor-widget elementor-widget-heading\" data-id=\"ff9822d\" data-element_type=\"widget\" data-widget_type=\"heading.default\">\n\t\t\t\t<div class=\"elementor-widget-container\">\n\t\t\t\t\t<div class=\"elementor-heading-title elementor-size-default\">Pol\u00edtica de cookies<\/div>\t\t\t\t<\/div>\n\t\t\t\t<\/div>\n\t\t\t\t\t<\/div>\n\t\t<\/div>\n\t\t\t\t\t<\/div>\n\t\t<\/section>\n\t\t\t\t<section class=\"elementor-section elementor-top-section elementor-element elementor-element-c32418d elementor-section-boxed elementor-section-height-default elementor-section-height-default\" data-id=\"c32418d\" data-element_type=\"section\" data-settings=\"{&quot;background_background&quot;:&quot;classic&quot;}\">\n\t\t\t\t\t\t<div class=\"elementor-container elementor-column-gap-default\">\n\t\t\t\t\t<div class=\"elementor-column elementor-col-100 elementor-top-column elementor-element elementor-element-57467b5\" data-id=\"57467b5\" data-element_type=\"column\">\n\t\t\t<div class=\"elementor-widget-wrap elementor-element-populated\">\n\t\t\t\t\t\t<div class=\"elementor-element elementor-element-3aca750 elementor-widget elementor-widget-text-editor\" data-id=\"3aca750\" data-element_type=\"widget\" data-widget_type=\"text-editor.default\">\n\t\t\t\t<div class=\"elementor-widget-container\">\n\t\t\t\t\t\t\t\t\t<h3><i class=\"fas fa-angle-right\" style=\"font-size: 20px; color: #d50057;\"><\/i><strong> O que s\u00e3o cookies e para que \u00e9 que os utilizamos?<\/strong><\/h3> Um cookie \u00e9 um pequeno peda\u00e7o de informa\u00e7\u00e3o que \u00e9 armazenado no seu browser sempre que visita o nosso s\u00edtio Web.<br> A finalidade dos cookies \u00e9 guardar o hist\u00f3rico da sua atividade no nosso s\u00edtio Web, para que, quando o visitar novamente, este o possa identificar e configurar o conte\u00fado do s\u00edtio Web com base nos seus h\u00e1bitos de navega\u00e7\u00e3o, identidade e prefer\u00eancias.<br> Um cookie \u00e9 inofensivo, n\u00e3o cont\u00e9m c\u00f3digos maliciosos ou maliciosos (por exemplo, v\u00edrus, cavalos de Troia, worms, etc.) que possam danificar o seu terminal (computador, smartphone, tablet, etc.), mas tem um certo impacto no seu direito \u00e0 prote\u00e7\u00e3o de dados, uma vez que recolhe certas informa\u00e7\u00f5es que lhe dizem respeito (h\u00e1bitos de navega\u00e7\u00e3o, identidade, prefer\u00eancias, etc.). <br style=\"height: 8px; margin-top: 8px;\"> <h3><i class=\"fas fa-angle-right\" style=\"font-size: 20px; color: #d50057;\"><\/i><strong> Que informa\u00e7\u00f5es \u00e9 que um cookie armazena?<\/strong><\/h3> Os cookies n\u00e3o recolhem normalmente categorias especiais de dados pessoais (dados sens\u00edveis). Os dados que armazenam s\u00e3o de car\u00e1cter t\u00e9cnico, prefer\u00eancias pessoais, personaliza\u00e7\u00e3o de conte\u00fados, etc.  <br style=\"height: 8px; margin-top: 8px;\"> <h3><i class=\"fas fa-angle-right\" style=\"font-size: 20px; color: #d50057;\"><\/i><strong> Que tipos de cookies existem?<\/strong><\/h3> De um modo geral, existem cinco tipos de cookies: &nbsp;\n<h4><strong>Cookies t\u00e9cnicos:<\/strong><\/h4> Estes s\u00e3o os cookies mais b\u00e1sicos. Permitem ao utilizador navegar atrav\u00e9s de um site, plataforma ou aplica\u00e7\u00e3o e utilizar as diferentes op\u00e7\u00f5es ou servi\u00e7os que nele existem como, por exemplo, controlar o tr\u00e1fego e a comunica\u00e7\u00e3o de dados, identificar a sess\u00e3o, aceder a partes de acesso restrito, recordar os elementos que comp\u00f5em uma encomenda, realizar o processo de compra de uma encomenda, realizar o pedido de inscri\u00e7\u00e3o ou participa\u00e7\u00e3o num evento, utilizar elementos de seguran\u00e7a durante a navega\u00e7\u00e3o, armazenar conte\u00fados para a difus\u00e3o de v\u00eddeos ou som ou partilhar conte\u00fados atrav\u00e9s das redes sociais.  <h4><strong>Cookies de personaliza\u00e7\u00e3o: <\/strong><\/h4> Permitem ao utilizador aceder ao servi\u00e7o com algumas carater\u00edsticas gerais predefinidas em fun\u00e7\u00e3o de uma s\u00e9rie de crit\u00e9rios no terminal do utilizador, como, por exemplo, a l\u00edngua, o tipo de navegador utilizado para aceder ao servi\u00e7o, a configura\u00e7\u00e3o regional a partir da qual se acede ao servi\u00e7o, etc. <h4><strong>Cookies de an\u00e1lise:<\/strong><\/h4> Estes cookies permitem \u00e0 parte respons\u00e1vel por eles monitorizar e analisar o comportamento dos utilizadores dos s\u00edtios Web a que est\u00e3o ligados. As informa\u00e7\u00f5es recolhidas atrav\u00e9s deste tipo de cookies s\u00e3o utilizadas para medir a atividade dos s\u00edtios Web, aplica\u00e7\u00e3o ou plataforma e para a elabora\u00e7\u00e3o de perfis de navega\u00e7\u00e3o dos utilizadores desses s\u00edtios, aplica\u00e7\u00f5es e plataformas, a fim de introduzir melhorias com base na an\u00e1lise dos dados sobre a utiliza\u00e7\u00e3o feita pelos utilizadores do servi\u00e7o.  <h4><strong>Cookies publicidade:<\/strong><\/h4> S\u00e3o aqueles que permitem gerir, da forma mais eficiente poss\u00edvel, os espa\u00e7os publicit\u00e1rios que, se for caso disso, o respons\u00e1vel tenha inclu\u00eddo num s\u00edtio Web, aplica\u00e7\u00e3o ou plataforma a partir da qual \u00e9 prestado o servi\u00e7o solicitado, com base em crit\u00e9rios como o conte\u00fado editado ou a frequ\u00eancia com que os an\u00fancios s\u00e3o exibidos. <h4><strong>Cookies de publicidade comportamental: <\/strong><\/h4> S\u00e3o aqueles que permitem a gest\u00e3o, da forma mais eficaz poss\u00edvel, dos espa\u00e7os publicit\u00e1rios que, se for caso disso, o respons\u00e1vel tenha inclu\u00eddo num s\u00edtio Web, aplica\u00e7\u00e3o ou plataforma a partir da qual se presta o servi\u00e7o solicitado. Estes cookies armazenam informa\u00e7\u00f5es sobre o comportamento dos utilizadores obtidas atrav\u00e9s da observa\u00e7\u00e3o cont\u00ednua dos seus h\u00e1bitos de navega\u00e7\u00e3o, o que permite desenvolver um perfil espec\u00edfico para apresentar publicidade com base no mesmo.  <br style=\"height: 8px; margin-top: 8px;\"> <h3><i class=\"fas fa-angle-right\" style=\"font-size: 20px; color: #d50057;\"><\/i><strong> O que s\u00e3o cookies prim\u00e1rios e de terceiros?<\/strong><\/h3>\n<strong>Cookies pr\u00f3prios:<\/strong> Os cookies pr\u00f3prios s\u00e3o aqueles que s\u00e3o gerados e geridos pela parte respons\u00e1vel pela presta\u00e7\u00e3o do servi\u00e7o solicitado pelo utilizador.<br>\n<strong>Cookies de terceiros:<\/strong> s\u00e3o cookies gerados por entidades que n\u00e3o s\u00e3o a parte respons\u00e1vel (servi\u00e7os ou fornecedores externos, como o Google, por exemplo). <br style=\"height: 8px; margin-top: 8px;\"><h3><i class=\"fas fa-angle-right\" style=\"font-size: 20px; color: #d50057;\"><\/i><strong> Que tipo de cookies \u00e9 que o nosso s\u00edtio Web armazena?<\/strong><\/h3>\n\n\n<p>Segue-se uma lista dos tipos de cookies armazenados no nosso s\u00edtio Web e a sua finalidade:<\/p>\n<table class=\"default\">\n<tbody>\n<tr>\n<th>Cookie name<\/th> <th>Purpose<\/th> <th>Expiration<\/th>\n<\/tr>\n<tr>\n<td>cmplz_functional<\/td><td>Guardar prefer\u00eancias de consentimento de cookies<\/td><td>2024-04-24<\/td>\n<\/tr>\n<tr>\n<td>cmplz_statistics<\/td><td>Guardar prefer\u00eancias de consentimiento de cookies<\/td><td>2024-04-24<\/td>\n<\/tr>\n<tr>\n<td>cmplz_marketing<\/td><td>Guardar prefer\u00eancias de consentimiento de cookies<\/td><td>2024-04-24<\/td>\n<\/tr>\n<tr>\n<td>cmplz_preferences<\/td><td>Guardar prefer\u00eancias de consentimiento de cookies<\/td><td>2024-04-24<\/td>\n<\/tr>\n<tr>\n<td>_ga<\/td><td>Contagem e controlo de visualiza\u00e7\u00f5es de p\u00e1ginas<\/td><td>2024-05-25<\/td>\n<\/tr>\n<tr>\n<td>cmplz_policy_id<\/td><td>Armazenar o ID da pol\u00edtica de cookies aceite<\/td><td>2024-04-24<\/td>\n<\/tr>\n<tr>\n<td>cmplz_consented_services<\/td><td>Guardar prefer\u00eancias de consentimiento de cookies<\/td><td>2024-04-24<\/td>\n<\/tr>\n<tr>\n<td>_ga_7KG5VH4K6Z<\/td><td>Contagem e controlo de visualiza\u00e7\u00f5es de p\u00e1ginas<\/td><td>2024-05-25<\/td>\n<\/tr>\n<tr>\n<td>Esperantus_Language_intranet.vsion.e<\/td><td><\/td><td>2024-05-25<\/td>\n<\/tr>\n<\/tbody>\n<\/table>\n<br style=\"height: 8px; margin-top: 8px;\"><h3><i class=\"fas fa-angle-right\" style=\"font-size: 20px; color: #d50057;\"><\/i><strong> O que posso fazer com os biscoitos?<\/strong><\/h3> Os cookies podem ser eliminados, aceites ou bloqueados, como desejar, bastando para isso configurar o seu navegador Web em conformidade.<br> Em qualquer momento, pode impedir a instala\u00e7\u00e3o de cookies (bloqueio) no seu computador atrav\u00e9s da op\u00e7\u00e3o correspondente no seu navegador, mas neste caso n\u00e3o podemos garantir o correto funcionamento das diferentes funcionalidades do nosso site.<br> Abaixo, fornecemos liga\u00e7\u00f5es para gerir e bloquear cookies, dependendo do navegador que utiliza: <ul>\n \t<li style=\"list-style-type: none;\">\n<ul>\n \t<li><strong>Internet Explorer: <\/strong> <a href=\"http:\/\/windows.microsoft.com\/es-xl\/internet-explorer\/delete-manage-cookies#ie=ie-10\" target=\"_blank\" rel=\"nofollow noopener\">http:\/\/windows.microsoft.com\/es-xl\/internet-explorer\/delete-manage-cookies#ie=ie-10<\/a><\/li>\n \t<li><strong>FireFox: <\/strong><a href=\"http:\/\/support.mozilla.org\/es\/kb\/habilitar-y-deshabilitar-cookies-que-los-sitios-we\" target=\"_blank\" rel=\"nofollow noopener\">http:\/\/support.mozilla.org\/es\/kb\/habilitar-y-deshabilitar-cookies-que-los-sitios-we<\/a><\/li>\n \t<li><strong>Chrome: <\/strong><a href=\"https:\/\/support.google.com\/chrome\/answer\/95647?hl=es\" target=\"_blank\" rel=\"nofollow noopener\">https:\/\/support.google.com\/chrome\/answer\/95647?hl=es<\/a><\/li>\n \t<li><strong>Safari: <\/strong>https:\/\/www.apple.com\/legal\/privacy\/es\/cookies\/<\/li>\n<\/ul>\n<\/li>\n<\/ul>\n&nbsp;\n\n<p>Tamb\u00e9m pode apagar os cookies armazenados no seu browser, acedendo \u00e0s defini\u00e7\u00f5es do mesmo.<\/p>\n\t\t\t\t\t\t\t\t<\/div>\n\t\t\t\t<\/div>\n\t\t\t\t\t<\/div>\n\t\t<\/div>\n\t\t\t\t\t<\/div>\n\t\t<\/section>\n\t\t\t\t<\/div>\n\t\t","protected":false},"excerpt":{"rendered":"<p>O que s\u00e3o cookies e para que \u00e9 que os utilizamos? Um cookie \u00e9 um pequeno peda\u00e7o de informa\u00e7\u00e3o que \u00e9 armazenado no seu browser sempre que visita o nosso s\u00edtio Web. A finalidade dos cookies \u00e9 guardar o hist\u00f3rico da sua atividade no nosso s\u00edtio Web, para que, quando o visitar novamente, este o [&hellip;]<\/p>\n","protected":false},"author":6,"featured_media":0,"parent":0,"menu_order":0,"comment_status":"closed","ping_status":"closed","template":"elementor_header_footer","meta":{"content-type":"","inline_featured_image":false,"footnotes":""},"class_list":["post-11182","page","type-page","status-publish","hentry"],"_links":{"self":[{"href":"https:\/\/vrfp.es\/pt-pt\/wp-json\/wp\/v2\/pages\/11182","targetHints":{"allow":["GET"]}}],"collection":[{"href":"https:\/\/vrfp.es\/pt-pt\/wp-json\/wp\/v2\/pages"}],"about":[{"href":"https:\/\/vrfp.es\/pt-pt\/wp-json\/wp\/v2\/types\/page"}],"author":[{"embeddable":true,"href":"https:\/\/vrfp.es\/pt-pt\/wp-json\/wp\/v2\/users\/6"}],"replies":[{"embeddable":true,"href":"https:\/\/vrfp.es\/pt-pt\/wp-json\/wp\/v2\/comments?post=11182"}],"version-history":[{"count":1,"href":"https:\/\/vrfp.es\/pt-pt\/wp-json\/wp\/v2\/pages\/11182\/revisions"}],"predecessor-version":[{"id":11183,"href":"https:\/\/vrfp.es\/pt-pt\/wp-json\/wp\/v2\/pages\/11182\/revisions\/11183"}],"wp:attachment":[{"href":"https:\/\/vrfp.es\/pt-pt\/wp-json\/wp\/v2\/media?parent=11182"}],"curies":[{"name":"wp","href":"https:\/\/api.w.org\/{rel}","templated":true}]}}