{"id":11184,"date":"2023-03-09T12:07:08","date_gmt":"2023-03-09T12:07:08","guid":{"rendered":"https:\/\/vrfp.es\/politica-de-privacidade\/"},"modified":"2025-06-10T08:06:13","modified_gmt":"2025-06-10T08:06:13","slug":"politica-de-privacidade","status":"publish","type":"page","link":"https:\/\/vrfp.es\/pt-pt\/politica-de-privacidade\/","title":{"rendered":"Pol\u00edtica de privacidade"},"content":{"rendered":"\t\t<div data-elementor-type=\"wp-page\" data-elementor-id=\"11184\" class=\"elementor elementor-11184 elementor-1056\" data-elementor-post-type=\"page\">\n\t\t\t\t\t\t<section class=\"elementor-section elementor-top-section elementor-element elementor-element-7613077 elementor-section-content-middle elementor-section-boxed elementor-section-height-default elementor-section-height-default\" data-id=\"7613077\" data-element_type=\"section\" data-settings=\"{&quot;background_background&quot;:&quot;classic&quot;,&quot;background_motion_fx_motion_fx_mouse&quot;:&quot;yes&quot;}\">\n\t\t\t\t\t\t\t<div class=\"elementor-background-overlay\"><\/div>\n\t\t\t\t\t\t\t<div class=\"elementor-container elementor-column-gap-default\">\n\t\t\t\t\t<div class=\"elementor-column elementor-col-100 elementor-top-column elementor-element elementor-element-57ec360\" data-id=\"57ec360\" data-element_type=\"column\">\n\t\t\t<div class=\"elementor-widget-wrap elementor-element-populated\">\n\t\t\t\t\t\t<div class=\"elementor-element elementor-element-6aee6e8 elementor-widget elementor-widget-heading\" data-id=\"6aee6e8\" data-element_type=\"widget\" data-widget_type=\"heading.default\">\n\t\t\t\t<div class=\"elementor-widget-container\">\n\t\t\t\t\t<div class=\"elementor-heading-title elementor-size-default\">Pol\u00edtica de privacidade<\/div>\t\t\t\t<\/div>\n\t\t\t\t<\/div>\n\t\t\t\t\t<\/div>\n\t\t<\/div>\n\t\t\t\t\t<\/div>\n\t\t<\/section>\n\t\t\t\t<section class=\"elementor-section elementor-top-section elementor-element elementor-element-5715213 elementor-section-boxed elementor-section-height-default elementor-section-height-default\" data-id=\"5715213\" data-element_type=\"section\" data-settings=\"{&quot;background_background&quot;:&quot;classic&quot;}\">\n\t\t\t\t\t\t<div class=\"elementor-container elementor-column-gap-default\">\n\t\t\t\t\t<div class=\"elementor-column elementor-col-100 elementor-top-column elementor-element elementor-element-d24cc15\" data-id=\"d24cc15\" data-element_type=\"column\">\n\t\t\t<div class=\"elementor-widget-wrap elementor-element-populated\">\n\t\t\t\t\t\t<div class=\"elementor-element elementor-element-6726f16 elementor-widget elementor-widget-text-editor\" data-id=\"6726f16\" data-element_type=\"widget\" data-widget_type=\"text-editor.default\">\n\t\t\t\t<div class=\"elementor-widget-container\">\n\t\t\t\t\t\t\t\t\tNa Europa e em Espanha existem regulamentos de prote\u00e7\u00e3o de dados concebidos para proteger as suas informa\u00e7\u00f5es pessoais que s\u00e3o vinculativos para n\u00f3s. Por conseguinte, \u00e9 muito importante para n\u00f3s que o utilizador compreenda perfeitamente o que faremos com os dados pessoais que lhe pedimos. <br> Desta forma, seremos transparentes e dar-lhe-emos o controlo dos seus dados, com uma linguagem simples e op\u00e7\u00f5es claras que lhe permitem decidir o que fazemos com as suas informa\u00e7\u00f5es pessoais. N\u00e3o hesite em perguntar-nos se tiver alguma d\u00favida depois de ler estas informa\u00e7\u00f5es. <br> Muito obrigado pela vossa colabora\u00e7\u00e3o.<br>\n<br style=\"height: 8px; margin-top: 8px;\"><h3><i class=\"fas fa-angle-right\" style=\"font-size: 20px; color: #d50057;\"><\/i> <strong>Quem somos n\u00f3s<\/strong><strong>?<\/strong><\/h3>\n\n<ul>\n \t<li>A nossa denomina\u00e7\u00e3o: <strong>VSION STUDIO INTERACTIVE, S.L.<\/strong><\/li>\n \t<li>O nosso n\u00famero CIF \/ NIF: <strong> B16331324<\/strong><\/li>\n \t<li>A nossa atividade principal: <strong>Desenvolvimento de experi\u00eancias virtuais<\/strong> <\/li>\n \t<li>O nosso endere\u00e7o: <strong> Plaza de la Constituci\u00f3n, 9. 16001 Cuenca (Espa\u00f1a) <\/strong><\/li>\n \t<li>O nosso n\u00famero de telefone de contacto: <strong>+34 665 64 73 43<\/strong><\/li>\n \t<li>O nosso endere\u00e7o eletr\u00f3nico de contacto: <strong>info@vrfp.es<\/strong><\/li>\n \t<li>O nosso s\u00edtio Web: <strong>www.vrfp.es <\/strong> <\/li>\n \t<li>Inscri\u00e7\u00e3o no Registo (Mercantil \/ P\u00fablico): Registo Mercantil de Cuenca, Tomo 712, Livro 0, F\u00f3lio 219, Folha CU-10622, 1\u00aa Inscri\u00e7\u00e3o.<\/li><br>\n<\/ul> Estamos \u00e0 sua disposi\u00e7\u00e3o, n\u00e3o hesite em contactar-nos. <br style=\"height: 8px; margin-top: 8px;\"><h3><i class=\"fas fa-angle-right\" style=\"font-size: 20px; color: #d50057;\"><\/i><strong> Para que \u00e9 que vamos utilizar os seus dados?<\/strong><\/h3> De um modo geral, os seus dados pessoais ser\u00e3o utilizados para interagir com o utilizador e para lhe fornecer os nossos servi\u00e7os. Podem tamb\u00e9m ser utilizados para outras actividades, como o envio de publicidade ou a promo\u00e7\u00e3o das nossas actividades.  <br style=\"height: 8px; margin-top: 8px;\"><h3><i class=\"fas fa-angle-right\" style=\"font-size: 20px; color: #d50057;\"><\/i><strong> Porque \u00e9 que precisamos de utilizar os seus dados?<\/strong><\/h3> As suas informa\u00e7\u00f5es pessoais s\u00e3o necess\u00e1rias para podermos interagir consigo e prestar-lhe os nossos servi\u00e7os. A este respeito, fornecemos-lhe uma s\u00e9rie de caixas de verifica\u00e7\u00e3o que lhe permitir\u00e3o tomar uma decis\u00e3o clara e simples sobre a utiliza\u00e7\u00e3o das suas informa\u00e7\u00f5es pessoais.  <br style=\"height: 8px; margin-top: 8px;\"><h3><i class=\"fas fa-angle-right\" style=\"font-size: 20px; color: #d50057;\"><\/i><strong> Quem conhecer\u00e1 as informa\u00e7\u00f5es que solicitamos?<\/strong><\/h3><br> Em geral, apenas o pessoal devidamente autorizado da nossa organiza\u00e7\u00e3o pode ter acesso \u00e0s informa\u00e7\u00f5es que solicitamos.<br> Da mesma forma, as entidades que precisam de ter acesso \u00e0s suas informa\u00e7\u00f5es pessoais para que possamos prestar-lhe os nossos servi\u00e7os tamb\u00e9m podem ter acesso \u00e0s suas informa\u00e7\u00f5es pessoais. Por exemplo, o nosso banco saber\u00e1 os seus dados se o pagamento dos nossos servi\u00e7os for efectuado por cart\u00e3o de cr\u00e9dito ou transfer\u00eancia banc\u00e1ria. <br> Da mesma forma, as entidades p\u00fablicas ou privadas \u00e0s quais somos obrigados a fornecer os seus dados pessoais para cumprir qualquer lei ter\u00e3o conhecimento das suas informa\u00e7\u00f5es. A t\u00edtulo de exemplo, a Lei Fiscal obriga-nos a fornecer \u00e0 Ag\u00eancia Fiscal determinadas informa\u00e7\u00f5es sobre as transac\u00e7\u00f5es econ\u00f3micas que excedam um determinado montante. <br> No caso de, para al\u00e9m dos casos acima referidos, necessitarmos de divulgar os seus dados pessoais a outras entidades, solicitaremos a sua autoriza\u00e7\u00e3o pr\u00e9via atrav\u00e9s de op\u00e7\u00f5es claras que lhe permitir\u00e3o decidir a esse respeito.<br>\n\n<br style=\"height: 8px; margin-top: 8px;\"><h3><i class=\"fas fa-angle-right\" style=\"font-size: 20px; color: #d50057;\"><\/i><strong> Como protegeremos os seus dados?<\/strong><\/h3><br> Protegeremos os seus dados com medidas de seguran\u00e7a eficazes e proporcionais aos riscos associados \u00e0 utiliza\u00e7\u00e3o das suas informa\u00e7\u00f5es.<br> Para tal, aprov\u00e1mos uma pol\u00edtica de prote\u00e7\u00e3o de dados e s\u00e3o efectuadas verifica\u00e7\u00f5es e auditorias anuais para garantir que os seus dados pessoais est\u00e3o sempre seguros.<br>\n\n<br style=\"height: 8px; margin-top: 8px;\"><h3><i class=\"fas fa-angle-right\" style=\"font-size: 20px; color: #d50057;\"><\/i><strong> Enviaremos os seus dados para outros pa\u00edses?<\/strong><\/h3> H\u00e1 pa\u00edses no mundo que s\u00e3o seguros para os seus dados e outros que n\u00e3o s\u00e3o t\u00e3o seguros. Por exemplo, a Uni\u00e3o Europeia \u00e9 um ambiente seguro para os seus dados. A nossa pol\u00edtica \u00e9 n\u00e3o enviar as suas informa\u00e7\u00f5es pessoais para qualquer pa\u00eds que n\u00e3o seja seguro do ponto de vista da prote\u00e7\u00e3o de dados.  <br> No caso de, para lhe prestar o servi\u00e7o, ser indispens\u00e1vel enviar os seus dados para um pa\u00eds que n\u00e3o seja t\u00e3o seguro como a Espanha, solicitaremos sempre a sua autoriza\u00e7\u00e3o pr\u00e9via e aplicaremos medidas de seguran\u00e7a eficazes para reduzir os riscos do envio dos seus dados pessoais para outro pa\u00eds.<br>\n\n<br style=\"height: 8px; margin-top: 8px;\"><h3><i class=\"fas fa-angle-right\" style=\"font-size: 20px; color: #d50057;\"><\/i><strong> Durante quanto tempo conservaremos os seus dados?<\/strong><\/h3> Conservaremos os seus dados durante a vig\u00eancia da nossa rela\u00e7\u00e3o e enquanto formos obrigados por lei a faz\u00ea-lo. No final dos per\u00edodos legais aplic\u00e1veis, elimin\u00e1-los-emos de forma segura e amiga do ambiente. <br>\n\n<br style=\"height: 8px; margin-top: 8px;\"><h3><i class=\"fas fa-angle-right\" style=\"font-size: 20px; color: #d50057;\"><\/i><strong> Quais s\u00e3o os seus direitos em mat\u00e9ria de prote\u00e7\u00e3o de dados?<\/strong><\/h3><br> Pode contactar-nos a qualquer momento para saber quais as informa\u00e7\u00f5es que temos sobre si, rectific\u00e1-las se estiverem incorrectas e elimin\u00e1-las ap\u00f3s o fim da nossa rela\u00e7\u00e3o, sempre que tal seja legalmente poss\u00edvel.<br> O utilizador tamb\u00e9m tem o direito de solicitar a transfer\u00eancia das suas informa\u00e7\u00f5es para outra entidade. Este direito \u00e9 designado por \u201cportabilidade\u201d e pode ser \u00fatil em determinadas situa\u00e7\u00f5es.<br>Para solicitar qualquer um destes direitos, deve fazer um pedido por escrito para a nossa morada, juntamente com uma fotoc\u00f3pia do seu bilhete de identidade, para que o possamos identificar.<br>Temos dispon\u00edveis nos nossos escrit\u00f3rios formul\u00e1rios espec\u00edficos para solicitar estes direitos e oferecemos-lhe a nossa ajuda no seu preenchimento.<br>Para saber mais sobre os seus direitos de prote\u00e7\u00e3o de dados, pode consultar o site da Ag\u00eancia Espanhola de Prote\u00e7\u00e3o de Dados (<a href=\"http:\/\/www.agpd.es\/\" target=\"_blank\" rel=\"nofollow noopener\">www.agpd.es<\/a>). <br>\n\n<br style=\"height: 8px; margin-top: 8px;\"><h3><i class=\"fas fa-angle-right\" style=\"font-size: 20px; color: #d50057;\"><\/i><strong> Pode retirar o seu consentimento se mudar de ideias numa fase posterior?<\/strong><\/h3> O utilizador pode retirar o seu consentimento se mudar de ideias sobre a utiliza\u00e7\u00e3o dos seus dados em qualquer altura.<br> Por exemplo, se j\u00e1 esteve interessado em receber publicidade dos nossos produtos ou servi\u00e7os, mas j\u00e1 n\u00e3o deseja receber mais publicidade, pode informar-nos preenchendo o formul\u00e1rio de obje\u00e7\u00e3o dispon\u00edvel nos nossos escrit\u00f3rios.<br>\n\n<br style=\"height: 8px; margin-top: 8px;\"><h3><i class=\"fas fa-angle-right\" style=\"font-size: 20px; color: #d50057;\"><\/i><strong> Se considerar que os seus direitos n\u00e3o foram respeitados, onde pode apresentar uma queixa?<\/strong><\/h3> Caso considere que os seus direitos n\u00e3o foram respeitados pela nossa entidade, pode apresentar uma queixa \u00e0 Ag\u00eancia Espanhola de Prote\u00e7\u00e3o de Dados, atrav\u00e9s de qualquer um dos seguintes meios: <ul>\n \t<li>Sede electr\u00f3nica: www.agpd.es<\/li>\n \t<li>Endere\u00e7o postal: Agencia Espa\u00f1ola de Protecci\u00f3n de Datos \u2013 C\/ Jorge Juan, 6 \u2013 28001 \u2013 Madrid<\/li>\n \t<li>Por telefone: Telf. 901 100 099 \u2013 91 266 35 17 <\/li><br>\n\n<\/ul> A apresenta\u00e7\u00e3o de uma queixa \u00e0 Ag\u00eancia Espanhola de Prote\u00e7\u00e3o de Dados n\u00e3o implica qualquer custo e n\u00e3o \u00e9 necess\u00e1ria a assist\u00eancia de um advogado ou solicitador.<br>\n\n<br style=\"height: 8px; margin-top: 8px;\"><h3><i class=\"fas fa-angle-right\" style=\"font-size: 20px; color: #d50057;\"><\/i><strong> Iremos tra\u00e7ar o seu perfil?<\/strong><\/h3> \u00c9 nossa pol\u00edtica n\u00e3o tra\u00e7ar o perfil dos utilizadores dos nossos servi\u00e7os.<br> No entanto, pode haver situa\u00e7\u00f5es em que, para fins de servi\u00e7o, marketing ou outros, necessitemos de criar perfis de informa\u00e7\u00e3o sobre o utilizador. Um exemplo pode ser a utiliza\u00e7\u00e3o do seu hist\u00f3rico de compras ou servi\u00e7os para nos permitir oferecer-lhe produtos ou servi\u00e7os adaptados aos seus gostos ou necessidades. <br> Nesse caso, aplicaremos medidas de seguran\u00e7a eficazes para proteger permanentemente as informa\u00e7\u00f5es do utilizador contra pessoas n\u00e3o autorizadas que pretendam utiliz\u00e1-las para seu pr\u00f3prio benef\u00edcio.<br>\n\n<br style=\"height: 8px; margin-top: 8px;\"><h3><i class=\"fas fa-angle-right\" style=\"font-size: 20px; color: #d50057;\"><\/i><strong> Utilizaremos os seus dados para outros fins?<\/strong><\/h3> A nossa pol\u00edtica consiste em n\u00e3o utilizar os dados do utilizador para outros fins que n\u00e3o aqueles que lhe explic\u00e1mos. Se, no entanto, precisarmos de utilizar os seus dados para outras actividades, pediremos sempre a sua autoriza\u00e7\u00e3o pr\u00e9via, fornecendo-lhe op\u00e7\u00f5es claras que lhe permitam decidir.  \t\t\t\t\t\t\t\t<\/div>\n\t\t\t\t<\/div>\n\t\t\t\t\t<\/div>\n\t\t<\/div>\n\t\t\t\t\t<\/div>\n\t\t<\/section>\n\t\t\t\t<\/div>\n\t\t","protected":false},"excerpt":{"rendered":"<p>Na Europa e em Espanha existem regulamentos de prote\u00e7\u00e3o de dados concebidos para proteger as suas informa\u00e7\u00f5es pessoais que s\u00e3o vinculativos para n\u00f3s. Por conseguinte, \u00e9 muito importante para n\u00f3s que o utilizador compreenda perfeitamente o que faremos com os dados pessoais que lhe pedimos. Desta forma, seremos transparentes e dar-lhe-emos o controlo dos seus [&hellip;]<\/p>\n","protected":false},"author":6,"featured_media":0,"parent":0,"menu_order":0,"comment_status":"closed","ping_status":"closed","template":"elementor_header_footer","meta":{"content-type":"","inline_featured_image":false,"footnotes":""},"class_list":["post-11184","page","type-page","status-publish","hentry"],"_links":{"self":[{"href":"https:\/\/vrfp.es\/pt-pt\/wp-json\/wp\/v2\/pages\/11184","targetHints":{"allow":["GET"]}}],"collection":[{"href":"https:\/\/vrfp.es\/pt-pt\/wp-json\/wp\/v2\/pages"}],"about":[{"href":"https:\/\/vrfp.es\/pt-pt\/wp-json\/wp\/v2\/types\/page"}],"author":[{"embeddable":true,"href":"https:\/\/vrfp.es\/pt-pt\/wp-json\/wp\/v2\/users\/6"}],"replies":[{"embeddable":true,"href":"https:\/\/vrfp.es\/pt-pt\/wp-json\/wp\/v2\/comments?post=11184"}],"version-history":[{"count":1,"href":"https:\/\/vrfp.es\/pt-pt\/wp-json\/wp\/v2\/pages\/11184\/revisions"}],"predecessor-version":[{"id":11185,"href":"https:\/\/vrfp.es\/pt-pt\/wp-json\/wp\/v2\/pages\/11184\/revisions\/11185"}],"wp:attachment":[{"href":"https:\/\/vrfp.es\/pt-pt\/wp-json\/wp\/v2\/media?parent=11184"}],"curies":[{"name":"wp","href":"https:\/\/api.w.org\/{rel}","templated":true}]}}